{"id":6770,"date":"2021-01-14T15:25:27","date_gmt":"2021-01-14T14:25:27","guid":{"rendered":"https:\/\/www.vtusp.cz\/?page_id=6770"},"modified":"2021-01-14T15:25:29","modified_gmt":"2021-01-14T14:25:29","slug":"our-partners","status":"publish","type":"page","link":"https:\/\/www.vtusp.cz\/en\/about-us\/our-partners\/","title":{"rendered":"Our Partners"},"content":{"rendered":"<div class=\"element core-columns logos\">\n<div class=\"wp-block-columns logos is-layout-flex wp-container-core-columns-is-layout-9d6595d7 wp-block-columns-is-layout-flex\"><div class=\"element core-column\">\n<div class=\"wp-block-column is-layout-flow wp-block-column-is-layout-flow\"><div class=\"element core-image\">\n<figure class=\"wp-block-image size-full is-resized\"><a href=\"https:\/\/www.vozp.cz\/\" target=\"_blank\" rel=\"noopener noreferrer\"><img decoding=\"async\" src=\"https:\/\/www.vtusp.cz\/files\/uploads\/\/2021\/01\/logo-vozp.svg\" alt=\"\" class=\"wp-image-6740\" width=\"249\" height=\"40\"\/><\/a><figcaption>VoZP &#8211; Vojensk\u00e1 zdravotn\u00ed poji\u0161\u0165ovna<\/figcaption><\/figure>\n<\/div><\/div>\n<\/div>\n\n<div class=\"element core-column\">\n<div class=\"wp-block-column is-layout-flow wp-block-column-is-layout-flow\"><div class=\"element core-image\">\n<figure class=\"wp-block-image size-large\"><a href=\"http:\/\/hcduklapraha.cz\/\" target=\"_blank\" rel=\"noopener noreferrer\"><img decoding=\"async\" width=\"497\" height=\"319\" src=\"https:\/\/www.vtusp.cz\/files\/smush-webp\/2021\/01\/logo-hc-dukla-praha.png.webp\" alt=\"\" class=\"wp-image-6746\"\/><\/a><figcaption>HC Dukla Praha<\/figcaption><\/figure>\n<\/div><\/div>\n<\/div>\n\n<div class=\"element core-column\">\n<div class=\"wp-block-column is-layout-flow wp-block-column-is-layout-flow\"><div class=\"element core-image\">\n<figure class=\"wp-block-image size-medium\"><a href=\"http:\/\/www.vkdukla.cz\/\" target=\"_blank\" rel=\"noopener noreferrer\"><img decoding=\"async\" width=\"900\" height=\"583\" src=\"https:\/\/www.vtusp.cz\/files\/smush-webp\/2021\/01\/logo-vk-dukla-liberec-900x583.png.webp\" alt=\"\" class=\"wp-image-6742\" srcset=\"https:\/\/www.vtusp.cz\/files\/smush-webp\/2021\/01\/logo-vk-dukla-liberec-900x583.png.webp 900w, https:\/\/www.vtusp.cz\/files\/smush-webp\/2021\/01\/logo-vk-dukla-liberec-768x498.png.webp 768w, https:\/\/www.vtusp.cz\/files\/uploads\/2021\/01\/logo-vk-dukla-liberec.png 1119w\" sizes=\"(max-width: 900px) 100vw, 900px\" \/><\/a><figcaption>VK Dukla Liberec<\/figcaption><\/figure>\n<\/div><\/div>\n<\/div>\n\n<div class=\"element core-column\">\n<div class=\"wp-block-column is-layout-flow wp-block-column-is-layout-flow\"><div class=\"element core-image\">\n<figure class=\"wp-block-image size-full\"><a href=\"https:\/\/www.unob.cz\/\" target=\"_blank\" rel=\"noopener noreferrer\"><img decoding=\"async\" width=\"100\" height=\"100\" src=\"https:\/\/www.vtusp.cz\/files\/uploads\/\/2021\/01\/logo-univerzita-obrany-v-brne.svg\" alt=\"\" class=\"wp-image-6748\"\/><\/a><figcaption>Univerzita obrany<\/figcaption><\/figure>\n<\/div><\/div>\n<\/div>\n\n<div class=\"element core-column\">\n<div class=\"wp-block-column is-layout-flow wp-block-column-is-layout-flow\"><div class=\"element core-image\">\n<figure class=\"wp-block-image size-full\"><a href=\"https:\/\/www.uvn.cz\/cs\/\"><img decoding=\"async\" width=\"100\" height=\"100\" src=\"https:\/\/www.vtusp.cz\/files\/uploads\/\/2021\/01\/logo-uvn.svg\" alt=\"\" class=\"wp-image-6744\"\/><\/a><figcaption>\u00daVN &#8211; \u00dast\u0159edn\u00ed vojensk\u00e1 nemocnice<\/figcaption><\/figure>\n<\/div><\/div>\n<\/div><\/div>\n<\/div>\n\n<div class=\"element core-paragraph\">\n<p><\/p>\n<\/div>","protected":false},"excerpt":{"rendered":"","protected":false},"author":1,"featured_media":0,"parent":3190,"menu_order":18,"comment_status":"closed","ping_status":"closed","template":"","meta":{"_acf_changed":false,"inline_featured_image":false,"footnotes":""},"class_list":["post-6770","page","type-page","status-publish","hentry"],"acf":[],"yoast_head":"<!-- This site is optimized with the Yoast SEO plugin v27.4 - https:\/\/yoast.com\/product\/yoast-seo-wordpress\/ -->\n<title>Our Partners | VT\u00da s.p.<\/title>\n<meta name=\"robots\" content=\"index, follow, max-snippet:-1, max-image-preview:large, max-video-preview:-1\" \/>\n<link rel=\"canonical\" href=\"https:\/\/www.vtusp.cz\/en\/about-us\/our-partners\/\" \/>\n<meta property=\"og:locale\" content=\"en_US\" \/>\n<meta property=\"og:type\" content=\"article\" \/>\n<meta property=\"og:title\" content=\"Our Partners | VT\u00da s.p.\" \/>\n<meta property=\"og:url\" content=\"https:\/\/www.vtusp.cz\/en\/about-us\/our-partners\/\" \/>\n<meta property=\"og:site_name\" content=\"VT\u00da s.p.\" \/>\n<meta property=\"article:modified_time\" content=\"2021-01-14T14:25:29+00:00\" \/>\n<meta property=\"og:image\" content=\"https:\/\/www.vtusp.cz\/files\/uploads\/\/2021\/01\/logo-vozp.svg\" \/>\n<meta name=\"twitter:card\" content=\"summary_large_image\" \/>\n<script type=\"application\/ld+json\" class=\"yoast-schema-graph\">{\"@context\":\"https:\\\/\\\/schema.org\",\"@graph\":[{\"@type\":\"WebPage\",\"@id\":\"https:\\\/\\\/www.vtusp.cz\\\/en\\\/about-us\\\/our-partners\\\/\",\"url\":\"https:\\\/\\\/www.vtusp.cz\\\/en\\\/about-us\\\/our-partners\\\/\",\"name\":\"Our Partners | VT\u00da s.p.\",\"isPartOf\":{\"@id\":\"https:\\\/\\\/www.vtusp.cz\\\/en\\\/#website\"},\"primaryImageOfPage\":{\"@id\":\"https:\\\/\\\/www.vtusp.cz\\\/en\\\/about-us\\\/our-partners\\\/#primaryimage\"},\"image\":{\"@id\":\"https:\\\/\\\/www.vtusp.cz\\\/en\\\/about-us\\\/our-partners\\\/#primaryimage\"},\"thumbnailUrl\":\"https:\\\/\\\/www.vtusp.cz\\\/files\\\/uploads\\\/\\\/2021\\\/01\\\/logo-vozp.svg\",\"datePublished\":\"2021-01-14T14:25:27+00:00\",\"dateModified\":\"2021-01-14T14:25:29+00:00\",\"breadcrumb\":{\"@id\":\"https:\\\/\\\/www.vtusp.cz\\\/en\\\/about-us\\\/our-partners\\\/#breadcrumb\"},\"inLanguage\":\"en-US\",\"potentialAction\":[{\"@type\":\"ReadAction\",\"target\":[\"https:\\\/\\\/www.vtusp.cz\\\/en\\\/about-us\\\/our-partners\\\/\"]}]},{\"@type\":\"ImageObject\",\"inLanguage\":\"en-US\",\"@id\":\"https:\\\/\\\/www.vtusp.cz\\\/en\\\/about-us\\\/our-partners\\\/#primaryimage\",\"url\":\"https:\\\/\\\/www.vtusp.cz\\\/files\\\/uploads\\\/\\\/2021\\\/01\\\/logo-vozp.svg\",\"contentUrl\":\"https:\\\/\\\/www.vtusp.cz\\\/files\\\/uploads\\\/\\\/2021\\\/01\\\/logo-vozp.svg\"},{\"@type\":\"BreadcrumbList\",\"@id\":\"https:\\\/\\\/www.vtusp.cz\\\/en\\\/about-us\\\/our-partners\\\/#breadcrumb\",\"itemListElement\":[{\"@type\":\"ListItem\",\"position\":1,\"name\":\"Home\",\"item\":\"https:\\\/\\\/www.vtusp.cz\\\/en\\\/\"},{\"@type\":\"ListItem\",\"position\":2,\"name\":\"About us\",\"item\":\"https:\\\/\\\/www.vtusp.cz\\\/en\\\/about-us\\\/\"},{\"@type\":\"ListItem\",\"position\":3,\"name\":\"Our Partners\"}]},{\"@type\":\"WebSite\",\"@id\":\"https:\\\/\\\/www.vtusp.cz\\\/en\\\/#website\",\"url\":\"https:\\\/\\\/www.vtusp.cz\\\/en\\\/\",\"name\":\"VT\u00da s.p.\",\"description\":\"\",\"potentialAction\":[{\"@type\":\"SearchAction\",\"target\":{\"@type\":\"EntryPoint\",\"urlTemplate\":\"https:\\\/\\\/www.vtusp.cz\\\/en\\\/?s={search_term_string}\"},\"query-input\":{\"@type\":\"PropertyValueSpecification\",\"valueRequired\":true,\"valueName\":\"search_term_string\"}}],\"inLanguage\":\"en-US\"}]}<\/script>\n<!-- \/ Yoast SEO plugin. -->","yoast_head_json":{"title":"Our Partners | VT\u00da s.p.","robots":{"index":"index","follow":"follow","max-snippet":"max-snippet:-1","max-image-preview":"max-image-preview:large","max-video-preview":"max-video-preview:-1"},"canonical":"https:\/\/www.vtusp.cz\/en\/about-us\/our-partners\/","og_locale":"en_US","og_type":"article","og_title":"Our Partners | VT\u00da s.p.","og_url":"https:\/\/www.vtusp.cz\/en\/about-us\/our-partners\/","og_site_name":"VT\u00da s.p.","article_modified_time":"2021-01-14T14:25:29+00:00","og_image":[{"url":"https:\/\/www.vtusp.cz\/files\/uploads\/\/2021\/01\/logo-vozp.svg","type":"","width":"","height":""}],"twitter_card":"summary_large_image","schema":{"@context":"https:\/\/schema.org","@graph":[{"@type":"WebPage","@id":"https:\/\/www.vtusp.cz\/en\/about-us\/our-partners\/","url":"https:\/\/www.vtusp.cz\/en\/about-us\/our-partners\/","name":"Our Partners | VT\u00da s.p.","isPartOf":{"@id":"https:\/\/www.vtusp.cz\/en\/#website"},"primaryImageOfPage":{"@id":"https:\/\/www.vtusp.cz\/en\/about-us\/our-partners\/#primaryimage"},"image":{"@id":"https:\/\/www.vtusp.cz\/en\/about-us\/our-partners\/#primaryimage"},"thumbnailUrl":"https:\/\/www.vtusp.cz\/files\/uploads\/\/2021\/01\/logo-vozp.svg","datePublished":"2021-01-14T14:25:27+00:00","dateModified":"2021-01-14T14:25:29+00:00","breadcrumb":{"@id":"https:\/\/www.vtusp.cz\/en\/about-us\/our-partners\/#breadcrumb"},"inLanguage":"en-US","potentialAction":[{"@type":"ReadAction","target":["https:\/\/www.vtusp.cz\/en\/about-us\/our-partners\/"]}]},{"@type":"ImageObject","inLanguage":"en-US","@id":"https:\/\/www.vtusp.cz\/en\/about-us\/our-partners\/#primaryimage","url":"https:\/\/www.vtusp.cz\/files\/uploads\/\/2021\/01\/logo-vozp.svg","contentUrl":"https:\/\/www.vtusp.cz\/files\/uploads\/\/2021\/01\/logo-vozp.svg"},{"@type":"BreadcrumbList","@id":"https:\/\/www.vtusp.cz\/en\/about-us\/our-partners\/#breadcrumb","itemListElement":[{"@type":"ListItem","position":1,"name":"Home","item":"https:\/\/www.vtusp.cz\/en\/"},{"@type":"ListItem","position":2,"name":"About us","item":"https:\/\/www.vtusp.cz\/en\/about-us\/"},{"@type":"ListItem","position":3,"name":"Our Partners"}]},{"@type":"WebSite","@id":"https:\/\/www.vtusp.cz\/en\/#website","url":"https:\/\/www.vtusp.cz\/en\/","name":"VT\u00da s.p.","description":"","potentialAction":[{"@type":"SearchAction","target":{"@type":"EntryPoint","urlTemplate":"https:\/\/www.vtusp.cz\/en\/?s={search_term_string}"},"query-input":{"@type":"PropertyValueSpecification","valueRequired":true,"valueName":"search_term_string"}}],"inLanguage":"en-US"}]}},"_links":{"self":[{"href":"https:\/\/www.vtusp.cz\/en\/wp-json\/wp\/v2\/pages\/6770","targetHints":{"allow":["GET"]}}],"collection":[{"href":"https:\/\/www.vtusp.cz\/en\/wp-json\/wp\/v2\/pages"}],"about":[{"href":"https:\/\/www.vtusp.cz\/en\/wp-json\/wp\/v2\/types\/page"}],"author":[{"embeddable":true,"href":"https:\/\/www.vtusp.cz\/en\/wp-json\/wp\/v2\/users\/1"}],"replies":[{"embeddable":true,"href":"https:\/\/www.vtusp.cz\/en\/wp-json\/wp\/v2\/comments?post=6770"}],"version-history":[{"count":1,"href":"https:\/\/www.vtusp.cz\/en\/wp-json\/wp\/v2\/pages\/6770\/revisions"}],"predecessor-version":[{"id":6771,"href":"https:\/\/www.vtusp.cz\/en\/wp-json\/wp\/v2\/pages\/6770\/revisions\/6771"}],"up":[{"embeddable":true,"href":"https:\/\/www.vtusp.cz\/en\/wp-json\/wp\/v2\/pages\/3190"}],"wp:attachment":[{"href":"https:\/\/www.vtusp.cz\/en\/wp-json\/wp\/v2\/media?parent=6770"}],"curies":[{"name":"wp","href":"https:\/\/api.w.org\/{rel}","templated":true}]}}