{"id":6111,"date":"2020-11-24T18:41:18","date_gmt":"2020-11-24T17:41:18","guid":{"rendered":"https:\/\/www.vtusp.cz\/?page_id=6111"},"modified":"2020-11-26T10:11:41","modified_gmt":"2020-11-26T09:11:41","slug":"medical-moduls","status":"publish","type":"page","link":"https:\/\/www.vtusp.cz\/en\/products\/medical-moduls\/","title":{"rendered":"Medical Moduls"},"content":{"rendered":"<div class=\"element core-paragraph\">\n<p>VT\u00da is a supplier of a wide portfolio of medical equipment for the military. Currently, the most visible product of the Military Technical Institute are Medical Moduls for military medics as a backup medical facility.<\/p>\n<\/div>\n\n<div class=\"element core-gallery\">\n<figure class=\"wp-block-gallery columns-3 is-cropped wp-block-gallery-1 is-layout-flex wp-block-gallery-is-layout-flex\"><ul class=\"blocks-gallery-grid\"><li class=\"blocks-gallery-item\"><figure><img decoding=\"async\" width=\"889\" height=\"605\" src=\"https:\/\/www.vtusp.cz\/files\/smush-webp\/2020\/11\/Chlad\u00edc\u00ed-p\u0159epravn\u00edk-krve-a-termolabiln\u00edho-materi\u00e1lu-plazmy.jpg.webp\" alt=\"\" data-id=\"6163\" data-link=\"https:\/\/www.vtusp.cz\/?attachment_id=6163\" class=\"wp-image-6163\" srcset=\"https:\/\/www.vtusp.cz\/files\/smush-webp\/2020\/11\/Chlad\u00edc\u00ed-p\u0159epravn\u00edk-krve-a-termolabiln\u00edho-materi\u00e1lu-plazmy.jpg.webp 889w, https:\/\/www.vtusp.cz\/files\/smush-webp\/2020\/11\/Chlad\u00edc\u00ed-p\u0159epravn\u00edk-krve-a-termolabiln\u00edho-materi\u00e1lu-plazmy-768x523.jpg.webp 768w\" sizes=\"(max-width: 889px) 100vw, 889px\" \/><\/figure><\/li><li class=\"blocks-gallery-item\"><figure><img decoding=\"async\" width=\"1093\" height=\"757\" src=\"https:\/\/www.vtusp.cz\/files\/smush-webp\/2020\/11\/Kontejnerov\u00fd-sklad-obvazov\u00e9ho-materi\u00e1lu-poln\u00ed-nemocnice.jpg.webp\" alt=\"\" data-id=\"6165\" data-link=\"https:\/\/www.vtusp.cz\/?attachment_id=6165\" class=\"wp-image-6165\" srcset=\"https:\/\/www.vtusp.cz\/files\/smush-webp\/2020\/11\/Kontejnerov\u00fd-sklad-obvazov\u00e9ho-materi\u00e1lu-poln\u00ed-nemocnice.jpg.webp 1093w, https:\/\/www.vtusp.cz\/files\/smush-webp\/2020\/11\/Kontejnerov\u00fd-sklad-obvazov\u00e9ho-materi\u00e1lu-poln\u00ed-nemocnice-900x623.jpg.webp 900w, https:\/\/www.vtusp.cz\/files\/smush-webp\/2020\/11\/Kontejnerov\u00fd-sklad-obvazov\u00e9ho-materi\u00e1lu-poln\u00ed-nemocnice-768x532.jpg.webp 768w\" sizes=\"(max-width: 1093px) 100vw, 1093px\" \/><\/figure><\/li><li class=\"blocks-gallery-item\"><figure><img decoding=\"async\" width=\"953\" height=\"617\" src=\"https:\/\/www.vtusp.cz\/files\/uploads\/2020\/11\/Poj\u00edzdn\u00e1-hygienicko-epidemiologick\u00e1-laborato\u0159-PHEl-2.jpg\" alt=\"\" data-id=\"6167\" data-link=\"https:\/\/www.vtusp.cz\/?attachment_id=6167\" class=\"wp-image-6167\" srcset=\"https:\/\/www.vtusp.cz\/files\/uploads\/2020\/11\/Poj\u00edzdn\u00e1-hygienicko-epidemiologick\u00e1-laborato\u0159-PHEl-2.jpg 953w, https:\/\/www.vtusp.cz\/files\/smush-webp\/2020\/11\/Poj\u00edzdn\u00e1-hygienicko-epidemiologick\u00e1-laborato\u0159-PHEl-2-900x583.jpg.webp 900w, https:\/\/www.vtusp.cz\/files\/smush-webp\/2020\/11\/Poj\u00edzdn\u00e1-hygienicko-epidemiologick\u00e1-laborato\u0159-PHEl-2-768x497.jpg.webp 768w\" sizes=\"(max-width: 953px) 100vw, 953px\" \/><\/figure><\/li><li class=\"blocks-gallery-item\"><figure><img decoding=\"async\" width=\"800\" height=\"599\" src=\"https:\/\/www.vtusp.cz\/files\/smush-webp\/2020\/11\/Souprava-biologick\u00e9ho-pr\u016fzkumu.jpg.webp\" alt=\"\" data-id=\"6171\" data-link=\"https:\/\/www.vtusp.cz\/?attachment_id=6171\" class=\"wp-image-6171\" srcset=\"https:\/\/www.vtusp.cz\/files\/smush-webp\/2020\/11\/Souprava-biologick\u00e9ho-pr\u016fzkumu.jpg.webp 800w, https:\/\/www.vtusp.cz\/files\/smush-webp\/2020\/11\/Souprava-biologick\u00e9ho-pr\u016fzkumu-768x575.jpg.webp 768w\" sizes=\"(max-width: 800px) 100vw, 800px\" \/><\/figure><\/li><li class=\"blocks-gallery-item\"><figure><img decoding=\"async\" width=\"870\" height=\"768\" src=\"https:\/\/www.vtusp.cz\/files\/smush-webp\/2020\/11\/Zdravotnick\u00fd-modul.jpg.webp\" alt=\"\" data-id=\"6173\" data-link=\"https:\/\/www.vtusp.cz\/?attachment_id=6173\" class=\"wp-image-6173\" srcset=\"https:\/\/www.vtusp.cz\/files\/smush-webp\/2020\/11\/Zdravotnick\u00fd-modul.jpg.webp 870w, https:\/\/www.vtusp.cz\/files\/smush-webp\/2020\/11\/Zdravotnick\u00fd-modul-768x678.jpg.webp 768w\" sizes=\"(max-width: 870px) 100vw, 870px\" \/><\/figure><\/li><li class=\"blocks-gallery-item\"><figure><img decoding=\"async\" width=\"1600\" height=\"1200\" src=\"https:\/\/www.vtusp.cz\/files\/smush-webp\/2020\/11\/013-ZDRAVOTNI-KTN-STERILIZOVNA-1600x1200.jpg.webp\" alt=\"\" data-id=\"6175\" data-full-url=\"https:\/\/www.vtusp.cz\/files\/uploads\/2020\/11\/013-ZDRAVOTNI-KTN-STERILIZOVNA.jpg\" data-link=\"https:\/\/www.vtusp.cz\/?attachment_id=6175\" class=\"wp-image-6175\" srcset=\"https:\/\/www.vtusp.cz\/files\/smush-webp\/2020\/11\/013-ZDRAVOTNI-KTN-STERILIZOVNA-1600x1200.jpg.webp 1600w, https:\/\/www.vtusp.cz\/files\/smush-webp\/2020\/11\/013-ZDRAVOTNI-KTN-STERILIZOVNA-900x675.jpg.webp 900w, https:\/\/www.vtusp.cz\/files\/smush-webp\/2020\/11\/013-ZDRAVOTNI-KTN-STERILIZOVNA-768x576.jpg.webp 768w, https:\/\/www.vtusp.cz\/files\/smush-webp\/2020\/11\/013-ZDRAVOTNI-KTN-STERILIZOVNA-1536x1152.jpg.webp 1536w, https:\/\/www.vtusp.cz\/files\/smush-webp\/2020\/11\/013-ZDRAVOTNI-KTN-STERILIZOVNA-2048x1536.jpg.webp 2048w, https:\/\/www.vtusp.cz\/files\/smush-webp\/2020\/11\/013-ZDRAVOTNI-KTN-STERILIZOVNA-1200x900.jpg.webp 1200w\" sizes=\"(max-width: 1600px) 100vw, 1600px\" \/><\/figure><\/li><\/ul><\/figure>\n<\/div>\n\n<div class=\"element core-list\">\n<ul class=\"wp-block-list\"><li>Biochemical-Hematological Laboratory BHL-PN<\/li><li>Container Workplace CT<\/li><li>Mobile Hospitalization Unit MHJ<\/li><li>Mobile Field Microbiological Laboratory MPML<\/li><li>Operating Room Workplace 1OP<\/li><li>Operating Room Workplace 2OP<\/li><li>Desinfection<\/li><li>Workplace JIP<\/li><li>Workplace of a Mobile Surgical Team<\/li><li>Preparation for the Operating Room<\/li><li>Sanitary Cell for Patients<\/li><li>Pharmacy \u2013 Dressing Material Store<\/li><li>Stomatology Workplace<\/li><li>Production of Infusion Solutions MZ-VIR<\/li><li>Mobile Hygienic &#8211; Epidemiological Laboratory PHEL-2 <\/li><li>Medical and veterinary module, refrigerated container, KTN-CHSL drug storage<\/li><li>Pharmacy &#8211; dispensing of medicines and medical supplies<\/li><li>Field Veterinary Workplace KTN-PVP<\/li><li>Rentgen Workplace in ISO 1C Container KTN-RTG<\/li><li>Sterilizing Workplace in ISO 1C Container KTS-PN<\/li><\/ul>\n<\/div>\n\n<div class=\"element acf-files\"><section class=\"files\">\n\t<div class=\"in cf\">\n\t\t\t\t<div class=\"files ikona\">\n\t\t\t\t\t\t\t\t\t\t\t\t<div class=\"file\">\n\t\t\t\t\t\t<div class=\"inner cf\">\n\t\t\t\t\t\t\t\t\t\t\t\t\t\t\t\t\t\t\t\t\t\t<span class=\"icon pdf\">pdf<\/span>\n\t\t\t\t\t\t\t\t\t\t\t\t\t\t<div class=\"title\"><h5>Biochemical-Hematological Laboratory BHL-PN<\/h5><\/div>\n\t\t\t\t\t\t\t\t\t\t\t\t\t\t\t<div class=\"right\">\n\t\t\t\t\t\t\t\t\t<div class=\"right-inner\">\n\t\t\t\t\t\t\t\t\t\t<a class=\"download\" href=\"https:\/\/www.vtusp.cz\/files\/uploads\/2020\/11\/BHL-PN-AJ.pdf\" download>Download<\/a>\n\t\t\t\t\t\t\t\t\t\t<p class=\"info\">\n\t\t\t\t\t\t\t\t\t\t\tpdf<span class=\"sep\">|<\/span>\n\t\t\t\t\t\t\t\t\t\t\t3.35 MB\t\t\t\t\t\t\t\t\t\t<\/p>\n\t\t\t\t\t\t\t\t\t<\/div>\n\t\t\t\t\t\t\t\t<\/div>\n\t\t\t\t\t\t\t\t\t\t\t\t\t<\/div>\n\t\t\t\t\t<\/div>\n\t\t\t\t\t\t\t\t\t<div class=\"file\">\n\t\t\t\t\t\t<div class=\"inner cf\">\n\t\t\t\t\t\t\t\t\t\t\t\t\t\t\t\t\t\t\t\t\t\t<span class=\"icon pdf\">pdf<\/span>\n\t\t\t\t\t\t\t\t\t\t\t\t\t\t<div class=\"title\"><h5>Container Workplace CT<\/h5><\/div>\n\t\t\t\t\t\t\t\t\t\t\t\t\t\t\t<div class=\"right\">\n\t\t\t\t\t\t\t\t\t<div class=\"right-inner\">\n\t\t\t\t\t\t\t\t\t\t<a class=\"download\" href=\"https:\/\/www.vtusp.cz\/files\/uploads\/2020\/11\/KTN-CT-AJ.pdf\" download>Download<\/a>\n\t\t\t\t\t\t\t\t\t\t<p class=\"info\">\n\t\t\t\t\t\t\t\t\t\t\tpdf<span class=\"sep\">|<\/span>\n\t\t\t\t\t\t\t\t\t\t\t3.35 MB\t\t\t\t\t\t\t\t\t\t<\/p>\n\t\t\t\t\t\t\t\t\t<\/div>\n\t\t\t\t\t\t\t\t<\/div>\n\t\t\t\t\t\t\t\t\t\t\t\t\t<\/div>\n\t\t\t\t\t<\/div>\n\t\t\t\t\t\t\t\t\t<div class=\"file\">\n\t\t\t\t\t\t<div class=\"inner cf\">\n\t\t\t\t\t\t\t\t\t\t\t\t\t\t\t\t\t\t\t\t\t\t<span class=\"icon pdf\">pdf<\/span>\n\t\t\t\t\t\t\t\t\t\t\t\t\t\t<div class=\"title\"><h5>Mobile Hospitalization Unit MHJ<\/h5><\/div>\n\t\t\t\t\t\t\t\t\t\t\t\t\t\t\t<div class=\"right\">\n\t\t\t\t\t\t\t\t\t<div class=\"right-inner\">\n\t\t\t\t\t\t\t\t\t\t<a class=\"download\" href=\"https:\/\/www.vtusp.cz\/files\/uploads\/2020\/11\/MHJ-AJ-1.pdf\" download>Download<\/a>\n\t\t\t\t\t\t\t\t\t\t<p class=\"info\">\n\t\t\t\t\t\t\t\t\t\t\tpdf<span class=\"sep\">|<\/span>\n\t\t\t\t\t\t\t\t\t\t\t3.78 MB\t\t\t\t\t\t\t\t\t\t<\/p>\n\t\t\t\t\t\t\t\t\t<\/div>\n\t\t\t\t\t\t\t\t<\/div>\n\t\t\t\t\t\t\t\t\t\t\t\t\t<\/div>\n\t\t\t\t\t<\/div>\n\t\t\t\t\t\t\t\t\t<div class=\"file\">\n\t\t\t\t\t\t<div class=\"inner cf\">\n\t\t\t\t\t\t\t\t\t\t\t\t\t\t\t\t\t\t\t\t\t\t<span class=\"icon pdf\">pdf<\/span>\n\t\t\t\t\t\t\t\t\t\t\t\t\t\t<div class=\"title\"><h5>Mobile Field Microbiological Laboratory MPML<\/h5><\/div>\n\t\t\t\t\t\t\t\t\t\t\t\t\t\t\t<div class=\"right\">\n\t\t\t\t\t\t\t\t\t<div class=\"right-inner\">\n\t\t\t\t\t\t\t\t\t\t<a class=\"download\" href=\"https:\/\/www.vtusp.cz\/files\/uploads\/2020\/11\/MPML-AJ.pdf\" download>Download<\/a>\n\t\t\t\t\t\t\t\t\t\t<p class=\"info\">\n\t\t\t\t\t\t\t\t\t\t\tpdf<span class=\"sep\">|<\/span>\n\t\t\t\t\t\t\t\t\t\t\t5.47 MB\t\t\t\t\t\t\t\t\t\t<\/p>\n\t\t\t\t\t\t\t\t\t<\/div>\n\t\t\t\t\t\t\t\t<\/div>\n\t\t\t\t\t\t\t\t\t\t\t\t\t<\/div>\n\t\t\t\t\t<\/div>\n\t\t\t\t\t\t\t\t\t<div class=\"file\">\n\t\t\t\t\t\t<div class=\"inner cf\">\n\t\t\t\t\t\t\t\t\t\t\t\t\t\t\t\t\t\t\t\t\t\t<span class=\"icon pdf\">pdf<\/span>\n\t\t\t\t\t\t\t\t\t\t\t\t\t\t<div class=\"title\"><h5>Operating Room Workplace 1OP<\/h5><\/div>\n\t\t\t\t\t\t\t\t\t\t\t\t\t\t\t<div class=\"right\">\n\t\t\t\t\t\t\t\t\t<div class=\"right-inner\">\n\t\t\t\t\t\t\t\t\t\t<a class=\"download\" href=\"https:\/\/www.vtusp.cz\/files\/uploads\/2020\/11\/MZ-1OP-AJ-1.pdf\" download>Download<\/a>\n\t\t\t\t\t\t\t\t\t\t<p class=\"info\">\n\t\t\t\t\t\t\t\t\t\t\tpdf<span class=\"sep\">|<\/span>\n\t\t\t\t\t\t\t\t\t\t\t2.88 MB\t\t\t\t\t\t\t\t\t\t<\/p>\n\t\t\t\t\t\t\t\t\t<\/div>\n\t\t\t\t\t\t\t\t<\/div>\n\t\t\t\t\t\t\t\t\t\t\t\t\t<\/div>\n\t\t\t\t\t<\/div>\n\t\t\t\t\t\t\t\t\t<div class=\"file\">\n\t\t\t\t\t\t<div class=\"inner cf\">\n\t\t\t\t\t\t\t\t\t\t\t\t\t\t\t\t\t\t\t\t\t\t<span class=\"icon pdf\">pdf<\/span>\n\t\t\t\t\t\t\t\t\t\t\t\t\t\t<div class=\"title\"><h5>Operating Room Workplace 2OP<\/h5><\/div>\n\t\t\t\t\t\t\t\t\t\t\t\t\t\t\t<div class=\"right\">\n\t\t\t\t\t\t\t\t\t<div class=\"right-inner\">\n\t\t\t\t\t\t\t\t\t\t<a class=\"download\" href=\"https:\/\/www.vtusp.cz\/files\/uploads\/2020\/11\/MZ-2OP-AJ.pdf\" download>Download<\/a>\n\t\t\t\t\t\t\t\t\t\t<p class=\"info\">\n\t\t\t\t\t\t\t\t\t\t\tpdf<span class=\"sep\">|<\/span>\n\t\t\t\t\t\t\t\t\t\t\t3.36 MB\t\t\t\t\t\t\t\t\t\t<\/p>\n\t\t\t\t\t\t\t\t\t<\/div>\n\t\t\t\t\t\t\t\t<\/div>\n\t\t\t\t\t\t\t\t\t\t\t\t\t<\/div>\n\t\t\t\t\t<\/div>\n\t\t\t\t\t\t\t\t\t<div class=\"file\">\n\t\t\t\t\t\t<div class=\"inner cf\">\n\t\t\t\t\t\t\t\t\t\t\t\t\t\t\t\t\t\t\t\t\t\t<span class=\"icon pdf\">pdf<\/span>\n\t\t\t\t\t\t\t\t\t\t\t\t\t\t<div class=\"title\"><h5>Desinfection<\/h5><\/div>\n\t\t\t\t\t\t\t\t\t\t\t\t\t\t\t<div class=\"right\">\n\t\t\t\t\t\t\t\t\t<div class=\"right-inner\">\n\t\t\t\t\t\t\t\t\t\t<a class=\"download\" href=\"https:\/\/www.vtusp.cz\/files\/uploads\/2020\/11\/MZ-DEZINFEKCE-AJ.pdf\" download>Download<\/a>\n\t\t\t\t\t\t\t\t\t\t<p class=\"info\">\n\t\t\t\t\t\t\t\t\t\t\tpdf<span class=\"sep\">|<\/span>\n\t\t\t\t\t\t\t\t\t\t\t2.96 MB\t\t\t\t\t\t\t\t\t\t<\/p>\n\t\t\t\t\t\t\t\t\t<\/div>\n\t\t\t\t\t\t\t\t<\/div>\n\t\t\t\t\t\t\t\t\t\t\t\t\t<\/div>\n\t\t\t\t\t<\/div>\n\t\t\t\t\t\t\t\t\t<div class=\"file\">\n\t\t\t\t\t\t<div class=\"inner cf\">\n\t\t\t\t\t\t\t\t\t\t\t\t\t\t\t\t\t\t\t\t\t\t<span class=\"icon pdf\">pdf<\/span>\n\t\t\t\t\t\t\t\t\t\t\t\t\t\t<div class=\"title\"><h5>Workplace JIP<\/h5><\/div>\n\t\t\t\t\t\t\t\t\t\t\t\t\t\t\t<div class=\"right\">\n\t\t\t\t\t\t\t\t\t<div class=\"right-inner\">\n\t\t\t\t\t\t\t\t\t\t<a class=\"download\" href=\"https:\/\/www.vtusp.cz\/files\/uploads\/2020\/11\/MZ-JIP-AJ.pdf\" download>Download<\/a>\n\t\t\t\t\t\t\t\t\t\t<p class=\"info\">\n\t\t\t\t\t\t\t\t\t\t\tpdf<span class=\"sep\">|<\/span>\n\t\t\t\t\t\t\t\t\t\t\t3.34 MB\t\t\t\t\t\t\t\t\t\t<\/p>\n\t\t\t\t\t\t\t\t\t<\/div>\n\t\t\t\t\t\t\t\t<\/div>\n\t\t\t\t\t\t\t\t\t\t\t\t\t<\/div>\n\t\t\t\t\t<\/div>\n\t\t\t\t\t\t\t\t\t<div class=\"file\">\n\t\t\t\t\t\t<div class=\"inner cf\">\n\t\t\t\t\t\t\t\t\t\t\t\t\t\t\t\t\t\t\t\t\t\t<span class=\"icon pdf\">pdf<\/span>\n\t\t\t\t\t\t\t\t\t\t\t\t\t\t<div class=\"title\"><h5>Workplace of a Mobile Surgical Team<\/h5><\/div>\n\t\t\t\t\t\t\t\t\t\t\t\t\t\t\t<div class=\"right\">\n\t\t\t\t\t\t\t\t\t<div class=\"right-inner\">\n\t\t\t\t\t\t\t\t\t\t<a class=\"download\" href=\"https:\/\/www.vtusp.cz\/files\/uploads\/2020\/11\/MZ-MOB-CHIR-TYM-AJ-1.pdf\" download>Download<\/a>\n\t\t\t\t\t\t\t\t\t\t<p class=\"info\">\n\t\t\t\t\t\t\t\t\t\t\tpdf<span class=\"sep\">|<\/span>\n\t\t\t\t\t\t\t\t\t\t\t3.40 MB\t\t\t\t\t\t\t\t\t\t<\/p>\n\t\t\t\t\t\t\t\t\t<\/div>\n\t\t\t\t\t\t\t\t<\/div>\n\t\t\t\t\t\t\t\t\t\t\t\t\t<\/div>\n\t\t\t\t\t<\/div>\n\t\t\t\t\t\t\t\t\t<div class=\"file\">\n\t\t\t\t\t\t<div class=\"inner cf\">\n\t\t\t\t\t\t\t\t\t\t\t\t\t\t\t\t\t\t\t\t\t\t<span class=\"icon pdf\">pdf<\/span>\n\t\t\t\t\t\t\t\t\t\t\t\t\t\t<div class=\"title\"><h5>Sanitary Cell for Patients<\/h5><\/div>\n\t\t\t\t\t\t\t\t\t\t\t\t\t\t\t<div class=\"right\">\n\t\t\t\t\t\t\t\t\t<div class=\"right-inner\">\n\t\t\t\t\t\t\t\t\t\t<a class=\"download\" href=\"https:\/\/www.vtusp.cz\/files\/uploads\/2020\/11\/MZ-Sanit\u00e1rn\u00ed-bu\u0148ka-AJ-1.pdf\" download>Download<\/a>\n\t\t\t\t\t\t\t\t\t\t<p class=\"info\">\n\t\t\t\t\t\t\t\t\t\t\tpdf<span class=\"sep\">|<\/span>\n\t\t\t\t\t\t\t\t\t\t\t3.02 MB\t\t\t\t\t\t\t\t\t\t<\/p>\n\t\t\t\t\t\t\t\t\t<\/div>\n\t\t\t\t\t\t\t\t<\/div>\n\t\t\t\t\t\t\t\t\t\t\t\t\t<\/div>\n\t\t\t\t\t<\/div>\n\t\t\t\t\t\t\t\t\t<div class=\"file\">\n\t\t\t\t\t\t<div class=\"inner cf\">\n\t\t\t\t\t\t\t\t\t\t\t\t\t\t\t\t\t\t\t\t\t\t<span class=\"icon pdf\">pdf<\/span>\n\t\t\t\t\t\t\t\t\t\t\t\t\t\t<div class=\"title\"><h5>Pharmacy \u2013 Dressing Material Store<\/h5><\/div>\n\t\t\t\t\t\t\t\t\t\t\t\t\t\t\t<div class=\"right\">\n\t\t\t\t\t\t\t\t\t<div class=\"right-inner\">\n\t\t\t\t\t\t\t\t\t\t<a class=\"download\" href=\"https:\/\/www.vtusp.cz\/files\/uploads\/2020\/11\/MZ-SOM-AJ.pdf\" download>Download<\/a>\n\t\t\t\t\t\t\t\t\t\t<p class=\"info\">\n\t\t\t\t\t\t\t\t\t\t\tpdf<span class=\"sep\">|<\/span>\n\t\t\t\t\t\t\t\t\t\t\t3.27 MB\t\t\t\t\t\t\t\t\t\t<\/p>\n\t\t\t\t\t\t\t\t\t<\/div>\n\t\t\t\t\t\t\t\t<\/div>\n\t\t\t\t\t\t\t\t\t\t\t\t\t<\/div>\n\t\t\t\t\t<\/div>\n\t\t\t\t\t\t\t\t\t<div class=\"file\">\n\t\t\t\t\t\t<div class=\"inner cf\">\n\t\t\t\t\t\t\t\t\t\t\t\t\t\t\t\t\t\t\t\t\t\t<span class=\"icon pdf\">pdf<\/span>\n\t\t\t\t\t\t\t\t\t\t\t\t\t\t<div class=\"title\"><h5>Stomatology Workplace<\/h5><\/div>\n\t\t\t\t\t\t\t\t\t\t\t\t\t\t\t<div class=\"right\">\n\t\t\t\t\t\t\t\t\t<div class=\"right-inner\">\n\t\t\t\t\t\t\t\t\t\t<a class=\"download\" href=\"https:\/\/www.vtusp.cz\/files\/uploads\/2020\/11\/MZ-STOMA-AJ.pdf\" download>Download<\/a>\n\t\t\t\t\t\t\t\t\t\t<p class=\"info\">\n\t\t\t\t\t\t\t\t\t\t\tpdf<span class=\"sep\">|<\/span>\n\t\t\t\t\t\t\t\t\t\t\t3.01 MB\t\t\t\t\t\t\t\t\t\t<\/p>\n\t\t\t\t\t\t\t\t\t<\/div>\n\t\t\t\t\t\t\t\t<\/div>\n\t\t\t\t\t\t\t\t\t\t\t\t\t<\/div>\n\t\t\t\t\t<\/div>\n\t\t\t\t\t\t\t\t\t<div class=\"file\">\n\t\t\t\t\t\t<div class=\"inner cf\">\n\t\t\t\t\t\t\t\t\t\t\t\t\t\t\t\t\t\t\t\t\t\t<span class=\"icon pdf\">pdf<\/span>\n\t\t\t\t\t\t\t\t\t\t\t\t\t\t<div class=\"title\"><h5>Mobile Hygienic &#8211; Epidemiological Laboratory PHEL-2 <\/h5><\/div>\n\t\t\t\t\t\t\t\t\t\t\t\t\t\t\t<div class=\"right\">\n\t\t\t\t\t\t\t\t\t<div class=\"right-inner\">\n\t\t\t\t\t\t\t\t\t\t<a class=\"download\" href=\"https:\/\/www.vtusp.cz\/files\/uploads\/2020\/11\/PHEL-2-AJ.pdf\" download>Download<\/a>\n\t\t\t\t\t\t\t\t\t\t<p class=\"info\">\n\t\t\t\t\t\t\t\t\t\t\tpdf<span class=\"sep\">|<\/span>\n\t\t\t\t\t\t\t\t\t\t\t2.66 MB\t\t\t\t\t\t\t\t\t\t<\/p>\n\t\t\t\t\t\t\t\t\t<\/div>\n\t\t\t\t\t\t\t\t<\/div>\n\t\t\t\t\t\t\t\t\t\t\t\t\t<\/div>\n\t\t\t\t\t<\/div>\n\t\t\t\t\t\t\t\t\t<div class=\"file\">\n\t\t\t\t\t\t<div class=\"inner cf\">\n\t\t\t\t\t\t\t\t\t\t\t\t\t\t\t\t\t\t\t\t\t\t<span class=\"icon pdf\">pdf<\/span>\n\t\t\t\t\t\t\t\t\t\t\t\t\t\t<div class=\"title\"><h5>Pharmacy &#8211; dispensing of medicines and medical supplies<\/h5><\/div>\n\t\t\t\t\t\t\t\t\t\t\t\t\t\t\t<div class=\"right\">\n\t\t\t\t\t\t\t\t\t<div class=\"right-inner\">\n\t\t\t\t\t\t\t\t\t\t<a class=\"download\" href=\"https:\/\/www.vtusp.cz\/files\/uploads\/2020\/11\/KTN-LV-AJ-1.pdf\" download>Download<\/a>\n\t\t\t\t\t\t\t\t\t\t<p class=\"info\">\n\t\t\t\t\t\t\t\t\t\t\tpdf<span class=\"sep\">|<\/span>\n\t\t\t\t\t\t\t\t\t\t\t3.27 MB\t\t\t\t\t\t\t\t\t\t<\/p>\n\t\t\t\t\t\t\t\t\t<\/div>\n\t\t\t\t\t\t\t\t<\/div>\n\t\t\t\t\t\t\t\t\t\t\t\t\t<\/div>\n\t\t\t\t\t<\/div>\n\t\t\t\t\t\t\t\t\t<div class=\"file\">\n\t\t\t\t\t\t<div class=\"inner cf\">\n\t\t\t\t\t\t\t\t\t\t\t\t\t\t\t\t\t\t\t\t\t\t<span class=\"icon pdf\">pdf<\/span>\n\t\t\t\t\t\t\t\t\t\t\t\t\t\t<div class=\"title\"><h5>Rentgen Workplace in ISO 1C Container KTN-RTG<\/h5><\/div>\n\t\t\t\t\t\t\t\t\t\t\t\t\t\t\t<div class=\"right\">\n\t\t\t\t\t\t\t\t\t<div class=\"right-inner\">\n\t\t\t\t\t\t\t\t\t\t<a class=\"download\" href=\"https:\/\/www.vtusp.cz\/files\/uploads\/2020\/11\/KTN-RTG-AJ.pdf\" download>Download<\/a>\n\t\t\t\t\t\t\t\t\t\t<p class=\"info\">\n\t\t\t\t\t\t\t\t\t\t\tpdf<span class=\"sep\">|<\/span>\n\t\t\t\t\t\t\t\t\t\t\t3.45 MB\t\t\t\t\t\t\t\t\t\t<\/p>\n\t\t\t\t\t\t\t\t\t<\/div>\n\t\t\t\t\t\t\t\t<\/div>\n\t\t\t\t\t\t\t\t\t\t\t\t\t<\/div>\n\t\t\t\t\t<\/div>\n\t\t\t\t\t\t\t\t\t<\/div>\n\t<\/div>\n<\/section> \n<\/div>","protected":false},"excerpt":{"rendered":"<p>VT\u00da is a supplier of a wide portfolio of medical equipment for the military. Currently, the most visible product of the Military Technical Institute are Medical Moduls for military medics&#8230;<\/p>\n","protected":false},"author":3,"featured_media":6006,"parent":1853,"menu_order":47,"comment_status":"closed","ping_status":"closed","template":"","meta":{"_acf_changed":false,"inline_featured_image":false,"footnotes":""},"class_list":["post-6111","page","type-page","status-publish","has-post-thumbnail","hentry"],"acf":[],"yoast_head":"<!-- This site is optimized with the Yoast SEO plugin v27.5 - https:\/\/yoast.com\/product\/yoast-seo-wordpress\/ -->\n<title>Medical Moduls | VT\u00da s.p.<\/title>\n<meta name=\"robots\" content=\"index, follow, max-snippet:-1, max-image-preview:large, max-video-preview:-1\" \/>\n<link rel=\"canonical\" href=\"https:\/\/www.vtusp.cz\/en\/products\/medical-moduls\/\" \/>\n<meta property=\"og:locale\" content=\"en_US\" \/>\n<meta property=\"og:type\" content=\"article\" \/>\n<meta property=\"og:title\" content=\"Medical Moduls | VT\u00da s.p.\" \/>\n<meta property=\"og:description\" content=\"VT\u00da is a supplier of a wide portfolio of medical equipment for the military. Currently, the most visible product of the Military Technical Institute are Medical Moduls for military medics...\" \/>\n<meta property=\"og:url\" content=\"https:\/\/www.vtusp.cz\/en\/products\/medical-moduls\/\" \/>\n<meta property=\"og:site_name\" content=\"VT\u00da s.p.\" \/>\n<meta property=\"article:modified_time\" content=\"2020-11-26T09:11:41+00:00\" \/>\n<meta property=\"og:image\" content=\"https:\/\/www.vtusp.cz\/files\/uploads\/2020\/10\/Poj\u00edzdn\u00e1-p\u0159evazovna-POP-2.jpg\" \/>\n\t<meta property=\"og:image:width\" content=\"1263\" \/>\n\t<meta property=\"og:image:height\" content=\"637\" \/>\n\t<meta property=\"og:image:type\" content=\"image\/jpeg\" \/>\n<meta name=\"twitter:card\" content=\"summary_large_image\" \/>\n<meta name=\"twitter:label1\" content=\"Est. reading time\" \/>\n\t<meta name=\"twitter:data1\" content=\"1 minute\" \/>\n<script type=\"application\/ld+json\" class=\"yoast-schema-graph\">{\"@context\":\"https:\\\/\\\/schema.org\",\"@graph\":[{\"@type\":\"WebPage\",\"@id\":\"https:\\\/\\\/www.vtusp.cz\\\/en\\\/products\\\/medical-moduls\\\/\",\"url\":\"https:\\\/\\\/www.vtusp.cz\\\/en\\\/products\\\/medical-moduls\\\/\",\"name\":\"Medical Moduls | VT\u00da s.p.\",\"isPartOf\":{\"@id\":\"https:\\\/\\\/www.vtusp.cz\\\/en\\\/#website\"},\"primaryImageOfPage\":{\"@id\":\"https:\\\/\\\/www.vtusp.cz\\\/en\\\/products\\\/medical-moduls\\\/#primaryimage\"},\"image\":{\"@id\":\"https:\\\/\\\/www.vtusp.cz\\\/en\\\/products\\\/medical-moduls\\\/#primaryimage\"},\"thumbnailUrl\":\"https:\\\/\\\/www.vtusp.cz\\\/files\\\/uploads\\\/2020\\\/10\\\/Poj\u00edzdn\u00e1-p\u0159evazovna-POP-2.jpg\",\"datePublished\":\"2020-11-24T17:41:18+00:00\",\"dateModified\":\"2020-11-26T09:11:41+00:00\",\"breadcrumb\":{\"@id\":\"https:\\\/\\\/www.vtusp.cz\\\/en\\\/products\\\/medical-moduls\\\/#breadcrumb\"},\"inLanguage\":\"en-US\",\"potentialAction\":[{\"@type\":\"ReadAction\",\"target\":[\"https:\\\/\\\/www.vtusp.cz\\\/en\\\/products\\\/medical-moduls\\\/\"]}]},{\"@type\":\"ImageObject\",\"inLanguage\":\"en-US\",\"@id\":\"https:\\\/\\\/www.vtusp.cz\\\/en\\\/products\\\/medical-moduls\\\/#primaryimage\",\"url\":\"https:\\\/\\\/www.vtusp.cz\\\/files\\\/uploads\\\/2020\\\/10\\\/Poj\u00edzdn\u00e1-p\u0159evazovna-POP-2.jpg\",\"contentUrl\":\"https:\\\/\\\/www.vtusp.cz\\\/files\\\/uploads\\\/2020\\\/10\\\/Poj\u00edzdn\u00e1-p\u0159evazovna-POP-2.jpg\",\"width\":1263,\"height\":637},{\"@type\":\"BreadcrumbList\",\"@id\":\"https:\\\/\\\/www.vtusp.cz\\\/en\\\/products\\\/medical-moduls\\\/#breadcrumb\",\"itemListElement\":[{\"@type\":\"ListItem\",\"position\":1,\"name\":\"Home\",\"item\":\"https:\\\/\\\/www.vtusp.cz\\\/en\\\/\"},{\"@type\":\"ListItem\",\"position\":2,\"name\":\"Products\",\"item\":\"https:\\\/\\\/www.vtusp.cz\\\/en\\\/products\\\/\"},{\"@type\":\"ListItem\",\"position\":3,\"name\":\"Medical Moduls\"}]},{\"@type\":\"WebSite\",\"@id\":\"https:\\\/\\\/www.vtusp.cz\\\/en\\\/#website\",\"url\":\"https:\\\/\\\/www.vtusp.cz\\\/en\\\/\",\"name\":\"VT\u00da s.p.\",\"description\":\"\",\"potentialAction\":[{\"@type\":\"SearchAction\",\"target\":{\"@type\":\"EntryPoint\",\"urlTemplate\":\"https:\\\/\\\/www.vtusp.cz\\\/en\\\/?s={search_term_string}\"},\"query-input\":{\"@type\":\"PropertyValueSpecification\",\"valueRequired\":true,\"valueName\":\"search_term_string\"}}],\"inLanguage\":\"en-US\"}]}<\/script>\n<!-- \/ Yoast SEO plugin. -->","yoast_head_json":{"title":"Medical Moduls | VT\u00da s.p.","robots":{"index":"index","follow":"follow","max-snippet":"max-snippet:-1","max-image-preview":"max-image-preview:large","max-video-preview":"max-video-preview:-1"},"canonical":"https:\/\/www.vtusp.cz\/en\/products\/medical-moduls\/","og_locale":"en_US","og_type":"article","og_title":"Medical Moduls | VT\u00da s.p.","og_description":"VT\u00da is a supplier of a wide portfolio of medical equipment for the military. Currently, the most visible product of the Military Technical Institute are Medical Moduls for military medics...","og_url":"https:\/\/www.vtusp.cz\/en\/products\/medical-moduls\/","og_site_name":"VT\u00da s.p.","article_modified_time":"2020-11-26T09:11:41+00:00","og_image":[{"width":1263,"height":637,"url":"https:\/\/www.vtusp.cz\/files\/uploads\/2020\/10\/Poj\u00edzdn\u00e1-p\u0159evazovna-POP-2.jpg","type":"image\/jpeg"}],"twitter_card":"summary_large_image","twitter_misc":{"Est. reading time":"1 minute"},"schema":{"@context":"https:\/\/schema.org","@graph":[{"@type":"WebPage","@id":"https:\/\/www.vtusp.cz\/en\/products\/medical-moduls\/","url":"https:\/\/www.vtusp.cz\/en\/products\/medical-moduls\/","name":"Medical Moduls | VT\u00da s.p.","isPartOf":{"@id":"https:\/\/www.vtusp.cz\/en\/#website"},"primaryImageOfPage":{"@id":"https:\/\/www.vtusp.cz\/en\/products\/medical-moduls\/#primaryimage"},"image":{"@id":"https:\/\/www.vtusp.cz\/en\/products\/medical-moduls\/#primaryimage"},"thumbnailUrl":"https:\/\/www.vtusp.cz\/files\/uploads\/2020\/10\/Poj\u00edzdn\u00e1-p\u0159evazovna-POP-2.jpg","datePublished":"2020-11-24T17:41:18+00:00","dateModified":"2020-11-26T09:11:41+00:00","breadcrumb":{"@id":"https:\/\/www.vtusp.cz\/en\/products\/medical-moduls\/#breadcrumb"},"inLanguage":"en-US","potentialAction":[{"@type":"ReadAction","target":["https:\/\/www.vtusp.cz\/en\/products\/medical-moduls\/"]}]},{"@type":"ImageObject","inLanguage":"en-US","@id":"https:\/\/www.vtusp.cz\/en\/products\/medical-moduls\/#primaryimage","url":"https:\/\/www.vtusp.cz\/files\/uploads\/2020\/10\/Poj\u00edzdn\u00e1-p\u0159evazovna-POP-2.jpg","contentUrl":"https:\/\/www.vtusp.cz\/files\/uploads\/2020\/10\/Poj\u00edzdn\u00e1-p\u0159evazovna-POP-2.jpg","width":1263,"height":637},{"@type":"BreadcrumbList","@id":"https:\/\/www.vtusp.cz\/en\/products\/medical-moduls\/#breadcrumb","itemListElement":[{"@type":"ListItem","position":1,"name":"Home","item":"https:\/\/www.vtusp.cz\/en\/"},{"@type":"ListItem","position":2,"name":"Products","item":"https:\/\/www.vtusp.cz\/en\/products\/"},{"@type":"ListItem","position":3,"name":"Medical Moduls"}]},{"@type":"WebSite","@id":"https:\/\/www.vtusp.cz\/en\/#website","url":"https:\/\/www.vtusp.cz\/en\/","name":"VT\u00da s.p.","description":"","potentialAction":[{"@type":"SearchAction","target":{"@type":"EntryPoint","urlTemplate":"https:\/\/www.vtusp.cz\/en\/?s={search_term_string}"},"query-input":{"@type":"PropertyValueSpecification","valueRequired":true,"valueName":"search_term_string"}}],"inLanguage":"en-US"}]}},"_links":{"self":[{"href":"https:\/\/www.vtusp.cz\/en\/wp-json\/wp\/v2\/pages\/6111","targetHints":{"allow":["GET"]}}],"collection":[{"href":"https:\/\/www.vtusp.cz\/en\/wp-json\/wp\/v2\/pages"}],"about":[{"href":"https:\/\/www.vtusp.cz\/en\/wp-json\/wp\/v2\/types\/page"}],"author":[{"embeddable":true,"href":"https:\/\/www.vtusp.cz\/en\/wp-json\/wp\/v2\/users\/3"}],"replies":[{"embeddable":true,"href":"https:\/\/www.vtusp.cz\/en\/wp-json\/wp\/v2\/comments?post=6111"}],"version-history":[{"count":42,"href":"https:\/\/www.vtusp.cz\/en\/wp-json\/wp\/v2\/pages\/6111\/revisions"}],"predecessor-version":[{"id":6454,"href":"https:\/\/www.vtusp.cz\/en\/wp-json\/wp\/v2\/pages\/6111\/revisions\/6454"}],"up":[{"embeddable":true,"href":"https:\/\/www.vtusp.cz\/en\/wp-json\/wp\/v2\/pages\/1853"}],"wp:featuredmedia":[{"embeddable":true,"href":"https:\/\/www.vtusp.cz\/en\/wp-json\/wp\/v2\/media\/6006"}],"wp:attachment":[{"href":"https:\/\/www.vtusp.cz\/en\/wp-json\/wp\/v2\/media?parent=6111"}],"curies":[{"name":"wp","href":"https:\/\/api.w.org\/{rel}","templated":true}]}}