{"id":4360,"date":"2020-06-30T08:24:53","date_gmt":"2020-06-30T06:24:53","guid":{"rendered":"https:\/\/www.vtusp.cz\/?page_id=4360"},"modified":"2020-06-30T08:25:40","modified_gmt":"2020-06-30T06:25:40","slug":"processing-of-personal-data","status":"publish","type":"page","link":"https:\/\/www.vtusp.cz\/en\/processing-of-personal-data\/","title":{"rendered":"Processing of personal data"},"content":{"rendered":"<div class=\"element core-image\">\n<figure class=\"wp-block-image size-large\"><img decoding=\"async\" width=\"1200\" height=\"703\" src=\"https:\/\/www.vtusp.cz\/files\/smush-webp\/2020\/06\/GDPR-1.jpg.webp\" alt=\"\" class=\"wp-image-3966\" srcset=\"https:\/\/www.vtusp.cz\/files\/smush-webp\/2020\/06\/GDPR-1.jpg.webp 1200w, https:\/\/www.vtusp.cz\/files\/smush-webp\/2020\/06\/GDPR-1-900x527.jpg.webp 900w, https:\/\/www.vtusp.cz\/files\/smush-webp\/2020\/06\/GDPR-1-768x450.jpg.webp 768w\" sizes=\"(max-width: 1200px) 100vw, 1200px\" \/><\/figure>\n<\/div>\n\n<div class=\"element core-heading\">\n<h2 class=\"wp-block-heading\"><strong>Processing of personal data<\/strong><\/h2>\n<\/div>\n\n<div class=\"element core-group\">\n<div class=\"wp-block-group\"><div class=\"wp-block-group__inner-container\"><div class=\"wp-block-group__inner-container is-layout-flow wp-block-group-is-layout-flow\"><div class=\"element core-paragraph\">\n<p>V\u00e1\u017een\u00fd n\u00e1v\u0161t\u011bvn\u00edku na\u0161ich str\u00e1nek, t\u011b\u0161\u00ed n\u00e1s V\u00e1\u0161 z\u00e1jem o na\u0161i spole\u010dnost. N\u00ed\u017ee najdete informaci o tom, jak\u00e9 \u00fadaje p\u0159i n\u00e1v\u0161t\u011bv\u011b na\u0161ich str\u00e1nek shroma\u017e\u010fujeme a jak je zpracov\u00e1v\u00e1me.<\/p>\n<\/div>\n\n<div class=\"element core-paragraph\">\n<p>Za \u00fa\u010delem p\u0159izp\u016fsoben\u00ed na\u0161eho on-line marketingu Va\u0161im z\u00e1jm\u016fm a vyhled\u00e1v\u00e1n\u00ed pou\u017e\u00edv\u00e1me technologii AdWords spole\u010dnosti Google, jej\u00edm\u017e prost\u0159ednictv\u00edm ukl\u00e1d\u00e1me \u00fadaje odvozen\u00e9 z IP adresy, ze kter\u00e9 bylo p\u0159istoupeno na na\u0161e www str\u00e1nky, a to \u00fadaje o zemi a v \u010cR i o m\u011bst\u011b n\u00e1v\u0161tevn\u00edka, dob\u011b pobytu a str\u00e1nce kterou nav\u0161t\u00edvil a to, zda jde o prvn\u00ed nebo opakovanou n\u00e1v\u0161t\u011bvu.<\/p>\n<\/div>\n\n<div class=\"element core-paragraph\">\n<p>Tyto \u00fadaje jsou uchov\u00e1v\u00e1ny po dobu 26 m\u011bs\u00edc\u016f, pot\u00e9 jsou automaticky maz\u00e1ny. P\u0159i tomto procesu se na va\u0161em po\u010d\u00edta\u010di ukl\u00e1daj\u00ed soubory cookies, kter\u00e9 se na\u010d\u00edtaj\u00ed p\u0159i n\u00e1v\u0161t\u011bv\u011b jin\u00fdch str\u00e1nek z d\u016fvodu remarketingu, tj. p\u0159i p\u0159izp\u016fsoben\u00ed banerov\u00e9 reklamy dle va\u0161eho d\u0159\u00edv\u011bj\u0161\u00edho vyhled\u00e1v\u00e1n\u00ed, a d\u00e1le zv\u00fd\u0161en\u00ed komfortu p\u0159i vyu\u017e\u00edv\u00e1n\u00ed na\u0161ich str\u00e1nek. P\u0159i pou\u017eit\u00ed tohoto n\u00e1stroje m\u016f\u017ee doj\u00edt k p\u0159enosu dat na servery um\u00edst\u011bn\u00e9 v USA a tam i k jejich zpracov\u00e1v\u00e1n\u00ed. Vezm\u011bte pros\u00edm na v\u011bdom\u00ed, \u017ee v USA z pohledu Evropsk\u00e9 unie neexistuje \u201ep\u0159im\u011b\u0159en\u00e1 \u00farove\u0148 ochrany\u201c pro zpracov\u00e1n\u00ed osobn\u00edch \u00fadaj\u016f.<\/p>\n<\/div>\n\n<div class=\"element core-list\">\n<ul class=\"wp-block-list\"><li>Pravidla Google pro zpracov\u00e1n\u00ed dat: <a href=\"https:\/\/support.google.com\/analytics\/answer\/7667196\">https:\/\/support.google.com\/analytics\/answer\/7667196<\/a> .<\/li><\/ul>\n<\/div>\n\n<div class=\"element core-list\">\n<ul class=\"wp-block-list\"><li>Pou\u017e\u00edv\u00e1n\u00edm na\u0161ich str\u00e1nek str\u00e1nek z\u00e1rove\u0148 vyjad\u0159ujete souhlas s pou\u017e\u00edv\u00e1n\u00edm cookies.<\/li><\/ul>\n<\/div>\n\n<div class=\"element core-paragraph\">\n<p>Pro pou\u017eit\u00ed objedn\u00e1vkov\u00fdch\/kontaktn\u00edch formul\u00e1\u0159\u016f plat\u00ed, \u017ee Vojensk\u00fd technick\u00fd \u00fastav, s. p. bude shroma\u017e\u010fovat pouze data, kter\u00e1 jsou uvedena ve formul\u00e1\u0159\u00edch, tedy zejm\u00e9na n\u00e1zev \u010di jm\u00e9no objednatele. Tato data budou vyu\u017eita pouze v&nbsp;souvislosti s&nbsp;\u0159e\u0161en\u00edm dan\u00e9 objedn\u00e1vky \u010di po\u017eadavku, p\u0159\u00edjemcem t\u011bchto dat bude v\u00fdlu\u010dn\u011b Vojensk\u00fd technick\u00fd \u00fastav, s. p. a budou uschov\u00e1na pouze po dobu \u0159e\u0161en\u00ed t\u00e9to objedn\u00e1vky \u010di po\u017eadavku. Poskytnut\u00ed \u00fadaj\u016f dle p\u0159\u00edslu\u0161n\u00e9ho kontaktn\u00edho formul\u00e1\u0159e je nezbytn\u00e9 pro \u0159e\u0161en\u00ed Va\u0161\u00ed objedn\u00e1vky \u010di po\u017eadavku v&nbsp;n\u00e1vaznosti na p\u0159\u00edpadn\u00fd smluvn\u00ed vztah. <\/p>\n<\/div>\n\n<div class=\"element core-paragraph\">\n<p>V&nbsp;p\u0159\u00edpad\u011b, \u017ee se v&nbsp;souvislosti s&nbsp;vyu\u017eit\u00edm na\u0161ich webov\u00fdch str\u00e1nek budete domn\u00edvat, \u017ee byla poru\u0161ena va\u0161e pr\u00e1va, co se ochrany osobn\u00edch \u00fadaj\u016f t\u00fd\u010de, m\u00e1te mo\u017enost se obr\u00e1tit formou pod\u00e1n\u00ed st\u00ed\u017enosti na \u00da\u0159ad pro ochranu osobn\u00edch \u00fadaj\u016f. Z\u00e1rove\u0148 m\u00e1te pr\u00e1vo po\u017eadovat opravu osobn\u00edch \u00fadaj\u016f shrom\u00e1\u017ed\u011bn\u00fdch v&nbsp;souvislosti s&nbsp;vyu\u017eit\u00edm na\u0161ich str\u00e1nek, jejich v\u00fdmaz, pop\u0159\u00edpad\u011b m\u00e1te pr\u00e1vo po\u017e\u00e1dat o omezen\u00ed zpracov\u00e1n\u00ed \u00fadaj\u016f a podat n\u00e1mitku proti jejich zpracov\u00e1n\u00ed.<\/p>\n<\/div><\/div><\/div>\n<\/div><\/div>\n\n<div class=\"element core-paragraph\">\n<p>Odpov\u011bdnou osobou ve smyslu Obecn\u00e9ho na\u0159\u00edzen\u00ed o ochran\u011b osobn\u00edch \u00fadaj\u016f je:<\/p>\n<\/div>\n\n<div class=\"element core-paragraph\">\n<p>Vojensk\u00fd technick\u00fd \u00fastav s.p.<br>Mladoboleslavsk\u00e1 944<br>197 00 Praha 9 &#8211; Kbely<\/p>\n<\/div>\n\n<div class=\"element core-paragraph\">\n<p><strong>Pov\u011b\u0159enec pro ochranu osobn\u00edch \u00fadaj\u016f:<\/strong><br>Mgr. Luk\u00e1\u0161 Ondr\u00e1\u010dek<br>dpo@vtusp.cz<\/p>\n<\/div>","protected":false},"excerpt":{"rendered":"<p>Processing of personal data V\u00e1\u017een\u00fd n\u00e1v\u0161t\u011bvn\u00edku na\u0161ich str\u00e1nek, t\u011b\u0161\u00ed n\u00e1s V\u00e1\u0161 z\u00e1jem o na\u0161i spole\u010dnost. N\u00ed\u017ee najdete informaci o tom, jak\u00e9 \u00fadaje p\u0159i n\u00e1v\u0161t\u011bv\u011b na\u0161ich str\u00e1nek shroma\u017e\u010fujeme a jak je&#8230;<\/p>\n","protected":false},"author":3,"featured_media":3964,"parent":0,"menu_order":306,"comment_status":"closed","ping_status":"closed","template":"","meta":{"_acf_changed":false,"inline_featured_image":false,"footnotes":""},"class_list":["post-4360","page","type-page","status-publish","has-post-thumbnail","hentry"],"acf":[],"yoast_head":"<!-- This site is optimized with the Yoast SEO plugin v27.4 - https:\/\/yoast.com\/product\/yoast-seo-wordpress\/ -->\n<title>Processing of personal data | VT\u00da s.p.<\/title>\n<meta name=\"robots\" content=\"index, follow, max-snippet:-1, max-image-preview:large, max-video-preview:-1\" \/>\n<link rel=\"canonical\" href=\"https:\/\/www.vtusp.cz\/en\/processing-of-personal-data\/\" \/>\n<meta property=\"og:locale\" content=\"en_US\" \/>\n<meta property=\"og:type\" content=\"article\" \/>\n<meta property=\"og:title\" content=\"Processing of personal data | VT\u00da s.p.\" \/>\n<meta property=\"og:description\" content=\"Processing of personal data V\u00e1\u017een\u00fd n\u00e1v\u0161t\u011bvn\u00edku na\u0161ich str\u00e1nek, t\u011b\u0161\u00ed n\u00e1s V\u00e1\u0161 z\u00e1jem o na\u0161i spole\u010dnost. N\u00ed\u017ee najdete informaci o tom, jak\u00e9 \u00fadaje p\u0159i n\u00e1v\u0161t\u011bv\u011b na\u0161ich str\u00e1nek shroma\u017e\u010fujeme a jak je...\" \/>\n<meta property=\"og:url\" content=\"https:\/\/www.vtusp.cz\/en\/processing-of-personal-data\/\" \/>\n<meta property=\"og:site_name\" content=\"VT\u00da s.p.\" \/>\n<meta property=\"article:modified_time\" content=\"2020-06-30T06:25:40+00:00\" \/>\n<meta property=\"og:image\" content=\"https:\/\/www.vtusp.cz\/files\/uploads\/2020\/06\/GDPR.jpg\" \/>\n\t<meta property=\"og:image:width\" content=\"1200\" \/>\n\t<meta property=\"og:image:height\" content=\"703\" \/>\n\t<meta property=\"og:image:type\" content=\"image\/jpeg\" \/>\n<meta name=\"twitter:card\" content=\"summary_large_image\" \/>\n<meta name=\"twitter:label1\" content=\"Est. reading time\" \/>\n\t<meta name=\"twitter:data1\" content=\"3 minutes\" \/>\n<script type=\"application\/ld+json\" class=\"yoast-schema-graph\">{\"@context\":\"https:\\\/\\\/schema.org\",\"@graph\":[{\"@type\":\"WebPage\",\"@id\":\"https:\\\/\\\/www.vtusp.cz\\\/en\\\/processing-of-personal-data\\\/\",\"url\":\"https:\\\/\\\/www.vtusp.cz\\\/en\\\/processing-of-personal-data\\\/\",\"name\":\"Processing of personal data | VT\u00da s.p.\",\"isPartOf\":{\"@id\":\"https:\\\/\\\/www.vtusp.cz\\\/en\\\/#website\"},\"primaryImageOfPage\":{\"@id\":\"https:\\\/\\\/www.vtusp.cz\\\/en\\\/processing-of-personal-data\\\/#primaryimage\"},\"image\":{\"@id\":\"https:\\\/\\\/www.vtusp.cz\\\/en\\\/processing-of-personal-data\\\/#primaryimage\"},\"thumbnailUrl\":\"https:\\\/\\\/www.vtusp.cz\\\/files\\\/uploads\\\/2020\\\/06\\\/GDPR.jpg\",\"datePublished\":\"2020-06-30T06:24:53+00:00\",\"dateModified\":\"2020-06-30T06:25:40+00:00\",\"breadcrumb\":{\"@id\":\"https:\\\/\\\/www.vtusp.cz\\\/en\\\/processing-of-personal-data\\\/#breadcrumb\"},\"inLanguage\":\"en-US\",\"potentialAction\":[{\"@type\":\"ReadAction\",\"target\":[\"https:\\\/\\\/www.vtusp.cz\\\/en\\\/processing-of-personal-data\\\/\"]}]},{\"@type\":\"ImageObject\",\"inLanguage\":\"en-US\",\"@id\":\"https:\\\/\\\/www.vtusp.cz\\\/en\\\/processing-of-personal-data\\\/#primaryimage\",\"url\":\"https:\\\/\\\/www.vtusp.cz\\\/files\\\/uploads\\\/2020\\\/06\\\/GDPR.jpg\",\"contentUrl\":\"https:\\\/\\\/www.vtusp.cz\\\/files\\\/uploads\\\/2020\\\/06\\\/GDPR.jpg\",\"width\":1200,\"height\":703},{\"@type\":\"BreadcrumbList\",\"@id\":\"https:\\\/\\\/www.vtusp.cz\\\/en\\\/processing-of-personal-data\\\/#breadcrumb\",\"itemListElement\":[{\"@type\":\"ListItem\",\"position\":1,\"name\":\"Home\",\"item\":\"https:\\\/\\\/www.vtusp.cz\\\/en\\\/\"},{\"@type\":\"ListItem\",\"position\":2,\"name\":\"Processing of personal data\"}]},{\"@type\":\"WebSite\",\"@id\":\"https:\\\/\\\/www.vtusp.cz\\\/en\\\/#website\",\"url\":\"https:\\\/\\\/www.vtusp.cz\\\/en\\\/\",\"name\":\"VT\u00da s.p.\",\"description\":\"\",\"potentialAction\":[{\"@type\":\"SearchAction\",\"target\":{\"@type\":\"EntryPoint\",\"urlTemplate\":\"https:\\\/\\\/www.vtusp.cz\\\/en\\\/?s={search_term_string}\"},\"query-input\":{\"@type\":\"PropertyValueSpecification\",\"valueRequired\":true,\"valueName\":\"search_term_string\"}}],\"inLanguage\":\"en-US\"}]}<\/script>\n<!-- \/ Yoast SEO plugin. -->","yoast_head_json":{"title":"Processing of personal data | VT\u00da s.p.","robots":{"index":"index","follow":"follow","max-snippet":"max-snippet:-1","max-image-preview":"max-image-preview:large","max-video-preview":"max-video-preview:-1"},"canonical":"https:\/\/www.vtusp.cz\/en\/processing-of-personal-data\/","og_locale":"en_US","og_type":"article","og_title":"Processing of personal data | VT\u00da s.p.","og_description":"Processing of personal data V\u00e1\u017een\u00fd n\u00e1v\u0161t\u011bvn\u00edku na\u0161ich str\u00e1nek, t\u011b\u0161\u00ed n\u00e1s V\u00e1\u0161 z\u00e1jem o na\u0161i spole\u010dnost. N\u00ed\u017ee najdete informaci o tom, jak\u00e9 \u00fadaje p\u0159i n\u00e1v\u0161t\u011bv\u011b na\u0161ich str\u00e1nek shroma\u017e\u010fujeme a jak je...","og_url":"https:\/\/www.vtusp.cz\/en\/processing-of-personal-data\/","og_site_name":"VT\u00da s.p.","article_modified_time":"2020-06-30T06:25:40+00:00","og_image":[{"width":1200,"height":703,"url":"https:\/\/www.vtusp.cz\/files\/uploads\/2020\/06\/GDPR.jpg","type":"image\/jpeg"}],"twitter_card":"summary_large_image","twitter_misc":{"Est. reading time":"3 minutes"},"schema":{"@context":"https:\/\/schema.org","@graph":[{"@type":"WebPage","@id":"https:\/\/www.vtusp.cz\/en\/processing-of-personal-data\/","url":"https:\/\/www.vtusp.cz\/en\/processing-of-personal-data\/","name":"Processing of personal data | VT\u00da s.p.","isPartOf":{"@id":"https:\/\/www.vtusp.cz\/en\/#website"},"primaryImageOfPage":{"@id":"https:\/\/www.vtusp.cz\/en\/processing-of-personal-data\/#primaryimage"},"image":{"@id":"https:\/\/www.vtusp.cz\/en\/processing-of-personal-data\/#primaryimage"},"thumbnailUrl":"https:\/\/www.vtusp.cz\/files\/uploads\/2020\/06\/GDPR.jpg","datePublished":"2020-06-30T06:24:53+00:00","dateModified":"2020-06-30T06:25:40+00:00","breadcrumb":{"@id":"https:\/\/www.vtusp.cz\/en\/processing-of-personal-data\/#breadcrumb"},"inLanguage":"en-US","potentialAction":[{"@type":"ReadAction","target":["https:\/\/www.vtusp.cz\/en\/processing-of-personal-data\/"]}]},{"@type":"ImageObject","inLanguage":"en-US","@id":"https:\/\/www.vtusp.cz\/en\/processing-of-personal-data\/#primaryimage","url":"https:\/\/www.vtusp.cz\/files\/uploads\/2020\/06\/GDPR.jpg","contentUrl":"https:\/\/www.vtusp.cz\/files\/uploads\/2020\/06\/GDPR.jpg","width":1200,"height":703},{"@type":"BreadcrumbList","@id":"https:\/\/www.vtusp.cz\/en\/processing-of-personal-data\/#breadcrumb","itemListElement":[{"@type":"ListItem","position":1,"name":"Home","item":"https:\/\/www.vtusp.cz\/en\/"},{"@type":"ListItem","position":2,"name":"Processing of personal data"}]},{"@type":"WebSite","@id":"https:\/\/www.vtusp.cz\/en\/#website","url":"https:\/\/www.vtusp.cz\/en\/","name":"VT\u00da s.p.","description":"","potentialAction":[{"@type":"SearchAction","target":{"@type":"EntryPoint","urlTemplate":"https:\/\/www.vtusp.cz\/en\/?s={search_term_string}"},"query-input":{"@type":"PropertyValueSpecification","valueRequired":true,"valueName":"search_term_string"}}],"inLanguage":"en-US"}]}},"_links":{"self":[{"href":"https:\/\/www.vtusp.cz\/en\/wp-json\/wp\/v2\/pages\/4360","targetHints":{"allow":["GET"]}}],"collection":[{"href":"https:\/\/www.vtusp.cz\/en\/wp-json\/wp\/v2\/pages"}],"about":[{"href":"https:\/\/www.vtusp.cz\/en\/wp-json\/wp\/v2\/types\/page"}],"author":[{"embeddable":true,"href":"https:\/\/www.vtusp.cz\/en\/wp-json\/wp\/v2\/users\/3"}],"replies":[{"embeddable":true,"href":"https:\/\/www.vtusp.cz\/en\/wp-json\/wp\/v2\/comments?post=4360"}],"version-history":[{"count":2,"href":"https:\/\/www.vtusp.cz\/en\/wp-json\/wp\/v2\/pages\/4360\/revisions"}],"predecessor-version":[{"id":4362,"href":"https:\/\/www.vtusp.cz\/en\/wp-json\/wp\/v2\/pages\/4360\/revisions\/4362"}],"wp:featuredmedia":[{"embeddable":true,"href":"https:\/\/www.vtusp.cz\/en\/wp-json\/wp\/v2\/media\/3964"}],"wp:attachment":[{"href":"https:\/\/www.vtusp.cz\/en\/wp-json\/wp\/v2\/media?parent=4360"}],"curies":[{"name":"wp","href":"https:\/\/api.w.org\/{rel}","templated":true}]}}