{"id":2361,"date":"2020-06-05T10:53:21","date_gmt":"2020-06-05T08:53:21","guid":{"rendered":"https:\/\/www.vtusp.cz\/htx-a-jeji-vyuziti-v-termobaricke-munici\/"},"modified":"2020-06-05T10:54:02","modified_gmt":"2020-06-05T08:54:02","slug":"htx-a-jeji-vyuziti-v-termobaricke-munici","status":"publish","type":"page","link":"https:\/\/www.vtusp.cz\/en\/htx-a-jeji-vyuziti-v-termobaricke-munici\/","title":{"rendered":"HTX a jej\u00ed vyu\u017eit\u00ed v termobarick\u00e9 munici"},"content":{"rendered":"<div class=\"element core-image\">\n<figure class=\"wp-block-image size-large\"><img decoding=\"async\" width=\"1600\" height=\"528\" src=\"https:\/\/www.vtusp.cz\/files\/smush-webp\/2020\/06\/htx_1-1600x528.jpg.webp\" alt=\"\" class=\"wp-image-2347\" srcset=\"https:\/\/www.vtusp.cz\/files\/smush-webp\/2020\/06\/htx_1-1600x528.jpg.webp 1600w, https:\/\/www.vtusp.cz\/files\/smush-webp\/2020\/06\/htx_1-900x297.jpg.webp 900w, https:\/\/www.vtusp.cz\/files\/smush-webp\/2020\/06\/htx_1-768x253.jpg.webp 768w, https:\/\/www.vtusp.cz\/files\/smush-webp\/2020\/06\/htx_1-1536x506.jpg.webp 1536w, https:\/\/www.vtusp.cz\/files\/smush-webp\/2020\/06\/htx_1.jpg.webp 1844w\" sizes=\"(max-width: 1600px) 100vw, 1600px\" \/><\/figure>\n<\/div>\n\n<div class=\"element core-heading\">\n<h2 class=\"wp-block-heading\">60 mm Mortar Bomb EBX type<\/h2>\n<\/div>\n\n<div class=\"element core-paragraph\">\n<p>The EBX type enhanced blast explosive is applied in the ammunition for special units, namely the 60 mm High Explosive Incendiary (60-HEI) mortar bomb for the 60 mm ultra light commando mortar ANTOS that is introduced in the Czech Army. Both the mortar and mortar bombs are produced at VOP- 026 Sternberk, s.p., VTUVM Slavicin Division. The performance efficiency of 60-HEI bomb filling is obvious especially in comparison with performance efficiency of standard High Explosive Fragmentation mortar bomb 60-HEF filled with pressed TNT charge. Both mortar bombs have identical weight and ballistics.<\/p>\n<\/div>\n\n<div class=\"element core-table\">\n<figure class=\"wp-block-table\"><table><tbody><tr><td><strong>BASIC CHARACTERISTICS<\/strong><\/td><td><strong>60-HEF<\/strong><\/td><td><strong>60-HEI<\/strong><\/td><\/tr><tr><td>Explosive type<\/td><td>TNT<\/td><td>EBX type (+ titanium foil)<\/td><\/tr><tr><td>Explosive weight<\/td><td>212<\/td><td>265 (+8)<\/td><\/tr><tr><td>Loading density<\/td><td>1.60 g.cm-3<\/td><td>2.03 g.cm-3<\/td><\/tr><tr><td>Detonation velocity <\/td><td>6850<\/td><td>7020<\/td><\/tr><tr><td>Detonation pressure<\/td><td>19.2 GPa<\/td><td>21.1 GPa<\/td><\/tr><tr><td>Vacuum stability at 120 oC ml.g.40h<\/td><td>0.04 ml.g.40h-1<\/td><td>0.50 ml.g.40h-1<\/td><\/tr><tr><td>Impact sensitivity E50<\/td><td>&gt; 63,1 J<\/td><td>&gt; 16,8 J<\/td><\/tr><tr><td>Friction sensitivity F50<\/td><td>1\/10 at 360 N<\/td><td>1\/10 at 360 N<\/td><\/tr><tr><td>Steel body weight<\/td><td>849<\/td><td>811<\/td><\/tr><tr><td>Effective fragments over 0,5 g<\/td><td>&gt; 350<\/td><td>&gt; 350<\/td><\/tr><tr><td>Weight fraction of fragments 0.5 g<\/td><td>80<\/td><td>85<\/td><\/tr><tr><td>Number of fragments 2-10 g<\/td><td>&gt; 65<\/td><td>&gt; 100<\/td><\/tr><tr><td>Weight fraction of fragments 2-10 g<\/td><td>26<\/td><td>44<\/td><\/tr><tr><td>Lethal radius (2 effective fragments per m2)<\/td><td>8.5 m<\/td><td>11.8 m 71 kPa<\/td><\/tr><tr><td>Overpressure at 3 m distance<\/td><td>50<\/td><td>71<\/td><\/tr><tr><td>TNT equivalence in pressure<\/td><td>100<\/td><td>141 &#8211; 174 %<\/td><\/tr><tr><td>TNT equivalence in pulse<\/td><td>100<\/td><td>157 &#8211; 170 %<\/td><\/tr><\/tbody><\/table><\/figure>\n<\/div>\n\n<div class=\"element core-image\">\n<figure class=\"wp-block-image size-large\"><img decoding=\"async\" width=\"1600\" height=\"684\" src=\"https:\/\/www.vtusp.cz\/files\/smush-webp\/2020\/06\/htx_2_cz-1600x684.jpg.webp\" alt=\"\" class=\"wp-image-2351\" srcset=\"https:\/\/www.vtusp.cz\/files\/smush-webp\/2020\/06\/htx_2_cz-1600x684.jpg.webp 1600w, https:\/\/www.vtusp.cz\/files\/smush-webp\/2020\/06\/htx_2_cz-900x385.jpg.webp 900w, https:\/\/www.vtusp.cz\/files\/smush-webp\/2020\/06\/htx_2_cz-768x328.jpg.webp 768w, https:\/\/www.vtusp.cz\/files\/smush-webp\/2020\/06\/htx_2_cz-1536x656.jpg.webp 1536w, https:\/\/www.vtusp.cz\/files\/smush-webp\/2020\/06\/htx_2_cz-2048x875.jpg.webp 2048w\" sizes=\"(max-width: 1600px) 100vw, 1600px\" \/><\/figure>\n<\/div>\n\n<div class=\"element core-image\">\n<figure class=\"wp-block-image size-large\"><img decoding=\"async\" width=\"1600\" height=\"764\" src=\"https:\/\/www.vtusp.cz\/files\/smush-webp\/2020\/06\/htx_3_cz-1600x764.jpg.webp\" alt=\"\" class=\"wp-image-2355\" srcset=\"https:\/\/www.vtusp.cz\/files\/smush-webp\/2020\/06\/htx_3_cz-1600x764.jpg.webp 1600w, https:\/\/www.vtusp.cz\/files\/smush-webp\/2020\/06\/htx_3_cz-900x430.jpg.webp 900w, https:\/\/www.vtusp.cz\/files\/smush-webp\/2020\/06\/htx_3_cz-768x367.jpg.webp 768w, https:\/\/www.vtusp.cz\/files\/smush-webp\/2020\/06\/htx_3_cz-1536x733.jpg.webp 1536w, https:\/\/www.vtusp.cz\/files\/smush-webp\/2020\/06\/htx_3_cz-2048x978.jpg.webp 2048w\" sizes=\"(max-width: 1600px) 100vw, 1600px\" \/><\/figure>\n<\/div>\n\n<div class=\"element core-paragraph\">\n<p>The EBX type enhanced blast explosive charge enables to reach much higher end effect than TNT charge under\r\nappropriate chemical stability and sensitivity to outer stimuli (corresponding to hexogen\/TNT compositions). With regard to the shock wave effect the explosion of one 60-HEI mortar bomb corresponds with concurrent impact of almost two TNT 60-\r\nHEF mortar bombs or one 81 mm TNT mortar bomb.\r\nThe EBX type enhanced blast explosive charge also improved the fragmentation effect and increased number for fragments effective against vehicles (ranging between 2-10 g). At the same time the lethal radius of 60-HEI mortar bomb has increased by more than 3 metres. The incendiary and blinding effect of 60-HEI mortar bomb is incomparably higher too,\r\ncreating a fire-ball with radius up to 8.5 m at the moment of explosion and keeping an extensive hot area for tens of\r\nmilliseconds. The incendiary effect of 60-HEI mortar bomb is also enhanced by inserted titan plate that upon explosion tears itself to separate small burning strips that set up centres of the fire.<\/p>\n<\/div>\n\n<div class=\"element acf-files condensed\"><section class=\"files\">\n\t<div class=\"in cf\">\n\t\t\t\t<div class=\"files ikona\">\n\t\t\t\t\t\t\t\t\t\t\t\t<div class=\"file\">\n\t\t\t\t\t\t<div class=\"inner cf\">\n\t\t\t\t\t\t\t\t\t\t\t\t\t\t\t\t\t\t\t\t\t\t<span class=\"icon pdf\">pdf<\/span>\n\t\t\t\t\t\t\t\t\t\t\t\t\t\t<div class=\"title\"><h5>Product catalog Termobarick\u00e1 60 mm minometn\u00e1 munice<\/h5><\/div>\n\t\t\t\t\t\t\t\t\t\t\t\t\t\t\t<div class=\"right\">\n\t\t\t\t\t\t\t\t\t<div class=\"right-inner\">\n\t\t\t\t\t\t\t\t\t\t<a class=\"download\" href=\"https:\/\/www.vtusp.cz\/files\/uploads\/2020\/06\/Termobarick\u00e1-60-mm-minometn\u00e1-munice.pdf\" download>Download<\/a>\n\t\t\t\t\t\t\t\t\t\t<p class=\"info\">\n\t\t\t\t\t\t\t\t\t\t\tpdf<span class=\"sep\">|<\/span>\n\t\t\t\t\t\t\t\t\t\t\t3.41 MB\t\t\t\t\t\t\t\t\t\t<\/p>\n\t\t\t\t\t\t\t\t\t<\/div>\n\t\t\t\t\t\t\t\t<\/div>\n\t\t\t\t\t\t\t\t\t\t\t\t\t<\/div>\n\t\t\t\t\t<\/div>\n\t\t\t\t\t\t\t\t\t<\/div>\n\t<\/div>\n<\/section> \n<\/div>","protected":false},"excerpt":{"rendered":"<p>60 mm Mortar Bomb EBX type The EBX type enhanced blast explosive is applied in the ammunition for special units, namely the 60 mm High Explosive Incendiary (60-HEI) mortar bomb&#8230;<\/p>\n","protected":false},"author":1,"featured_media":0,"parent":0,"menu_order":301,"comment_status":"closed","ping_status":"closed","template":"","meta":{"_acf_changed":false,"inline_featured_image":false,"footnotes":""},"class_list":["post-2361","page","type-page","status-publish","hentry"],"acf":[],"yoast_head":"<!-- This site is optimized with the Yoast SEO plugin v27.4 - https:\/\/yoast.com\/product\/yoast-seo-wordpress\/ -->\n<title>HTX a jej\u00ed vyu\u017eit\u00ed v termobarick\u00e9 munici | VT\u00da s.p.<\/title>\n<meta name=\"robots\" content=\"index, follow, max-snippet:-1, max-image-preview:large, max-video-preview:-1\" \/>\n<link rel=\"canonical\" href=\"https:\/\/www.vtusp.cz\/en\/htx-a-jeji-vyuziti-v-termobaricke-munici\/\" \/>\n<meta property=\"og:locale\" content=\"en_US\" \/>\n<meta property=\"og:type\" content=\"article\" \/>\n<meta property=\"og:title\" content=\"HTX a jej\u00ed vyu\u017eit\u00ed v termobarick\u00e9 munici | VT\u00da s.p.\" \/>\n<meta property=\"og:description\" content=\"60 mm Mortar Bomb EBX type The EBX type enhanced blast explosive is applied in the ammunition for special units, namely the 60 mm High Explosive Incendiary (60-HEI) mortar bomb...\" \/>\n<meta property=\"og:url\" content=\"https:\/\/www.vtusp.cz\/en\/htx-a-jeji-vyuziti-v-termobaricke-munici\/\" \/>\n<meta property=\"og:site_name\" content=\"VT\u00da s.p.\" \/>\n<meta property=\"article:modified_time\" content=\"2020-06-05T08:54:02+00:00\" \/>\n<meta property=\"og:image\" content=\"https:\/\/www.vtusp.cz\/files\/uploads\/2020\/06\/htx_1-1600x528.jpg\" \/>\n<meta name=\"twitter:card\" content=\"summary_large_image\" \/>\n<meta name=\"twitter:label1\" content=\"Est. reading time\" \/>\n\t<meta name=\"twitter:data1\" content=\"2 minutes\" \/>\n<script type=\"application\/ld+json\" class=\"yoast-schema-graph\">{\"@context\":\"https:\\\/\\\/schema.org\",\"@graph\":[{\"@type\":\"WebPage\",\"@id\":\"https:\\\/\\\/www.vtusp.cz\\\/en\\\/htx-a-jeji-vyuziti-v-termobaricke-munici\\\/\",\"url\":\"https:\\\/\\\/www.vtusp.cz\\\/en\\\/htx-a-jeji-vyuziti-v-termobaricke-munici\\\/\",\"name\":\"HTX a jej\u00ed vyu\u017eit\u00ed v termobarick\u00e9 munici | VT\u00da s.p.\",\"isPartOf\":{\"@id\":\"https:\\\/\\\/www.vtusp.cz\\\/en\\\/#website\"},\"primaryImageOfPage\":{\"@id\":\"https:\\\/\\\/www.vtusp.cz\\\/en\\\/htx-a-jeji-vyuziti-v-termobaricke-munici\\\/#primaryimage\"},\"image\":{\"@id\":\"https:\\\/\\\/www.vtusp.cz\\\/en\\\/htx-a-jeji-vyuziti-v-termobaricke-munici\\\/#primaryimage\"},\"thumbnailUrl\":\"https:\\\/\\\/www.vtusp.cz\\\/files\\\/uploads\\\/2020\\\/06\\\/htx_1-1600x528.jpg\",\"datePublished\":\"2020-06-05T08:53:21+00:00\",\"dateModified\":\"2020-06-05T08:54:02+00:00\",\"breadcrumb\":{\"@id\":\"https:\\\/\\\/www.vtusp.cz\\\/en\\\/htx-a-jeji-vyuziti-v-termobaricke-munici\\\/#breadcrumb\"},\"inLanguage\":\"en-US\",\"potentialAction\":[{\"@type\":\"ReadAction\",\"target\":[\"https:\\\/\\\/www.vtusp.cz\\\/en\\\/htx-a-jeji-vyuziti-v-termobaricke-munici\\\/\"]}]},{\"@type\":\"ImageObject\",\"inLanguage\":\"en-US\",\"@id\":\"https:\\\/\\\/www.vtusp.cz\\\/en\\\/htx-a-jeji-vyuziti-v-termobaricke-munici\\\/#primaryimage\",\"url\":\"https:\\\/\\\/www.vtusp.cz\\\/files\\\/uploads\\\/2020\\\/06\\\/htx_1-1600x528.jpg\",\"contentUrl\":\"https:\\\/\\\/www.vtusp.cz\\\/files\\\/uploads\\\/2020\\\/06\\\/htx_1-1600x528.jpg\"},{\"@type\":\"BreadcrumbList\",\"@id\":\"https:\\\/\\\/www.vtusp.cz\\\/en\\\/htx-a-jeji-vyuziti-v-termobaricke-munici\\\/#breadcrumb\",\"itemListElement\":[{\"@type\":\"ListItem\",\"position\":1,\"name\":\"Home\",\"item\":\"https:\\\/\\\/www.vtusp.cz\\\/en\\\/\"},{\"@type\":\"ListItem\",\"position\":2,\"name\":\"HTX a jej\u00ed vyu\u017eit\u00ed v termobarick\u00e9 munici\"}]},{\"@type\":\"WebSite\",\"@id\":\"https:\\\/\\\/www.vtusp.cz\\\/en\\\/#website\",\"url\":\"https:\\\/\\\/www.vtusp.cz\\\/en\\\/\",\"name\":\"VT\u00da s.p.\",\"description\":\"\",\"potentialAction\":[{\"@type\":\"SearchAction\",\"target\":{\"@type\":\"EntryPoint\",\"urlTemplate\":\"https:\\\/\\\/www.vtusp.cz\\\/en\\\/?s={search_term_string}\"},\"query-input\":{\"@type\":\"PropertyValueSpecification\",\"valueRequired\":true,\"valueName\":\"search_term_string\"}}],\"inLanguage\":\"en-US\"}]}<\/script>\n<!-- \/ Yoast SEO plugin. -->","yoast_head_json":{"title":"HTX a jej\u00ed vyu\u017eit\u00ed v termobarick\u00e9 munici | VT\u00da s.p.","robots":{"index":"index","follow":"follow","max-snippet":"max-snippet:-1","max-image-preview":"max-image-preview:large","max-video-preview":"max-video-preview:-1"},"canonical":"https:\/\/www.vtusp.cz\/en\/htx-a-jeji-vyuziti-v-termobaricke-munici\/","og_locale":"en_US","og_type":"article","og_title":"HTX a jej\u00ed vyu\u017eit\u00ed v termobarick\u00e9 munici | VT\u00da s.p.","og_description":"60 mm Mortar Bomb EBX type The EBX type enhanced blast explosive is applied in the ammunition for special units, namely the 60 mm High Explosive Incendiary (60-HEI) mortar bomb...","og_url":"https:\/\/www.vtusp.cz\/en\/htx-a-jeji-vyuziti-v-termobaricke-munici\/","og_site_name":"VT\u00da s.p.","article_modified_time":"2020-06-05T08:54:02+00:00","og_image":[{"url":"https:\/\/www.vtusp.cz\/files\/uploads\/2020\/06\/htx_1-1600x528.jpg","type":"","width":"","height":""}],"twitter_card":"summary_large_image","twitter_misc":{"Est. reading time":"2 minutes"},"schema":{"@context":"https:\/\/schema.org","@graph":[{"@type":"WebPage","@id":"https:\/\/www.vtusp.cz\/en\/htx-a-jeji-vyuziti-v-termobaricke-munici\/","url":"https:\/\/www.vtusp.cz\/en\/htx-a-jeji-vyuziti-v-termobaricke-munici\/","name":"HTX a jej\u00ed vyu\u017eit\u00ed v termobarick\u00e9 munici | VT\u00da s.p.","isPartOf":{"@id":"https:\/\/www.vtusp.cz\/en\/#website"},"primaryImageOfPage":{"@id":"https:\/\/www.vtusp.cz\/en\/htx-a-jeji-vyuziti-v-termobaricke-munici\/#primaryimage"},"image":{"@id":"https:\/\/www.vtusp.cz\/en\/htx-a-jeji-vyuziti-v-termobaricke-munici\/#primaryimage"},"thumbnailUrl":"https:\/\/www.vtusp.cz\/files\/uploads\/2020\/06\/htx_1-1600x528.jpg","datePublished":"2020-06-05T08:53:21+00:00","dateModified":"2020-06-05T08:54:02+00:00","breadcrumb":{"@id":"https:\/\/www.vtusp.cz\/en\/htx-a-jeji-vyuziti-v-termobaricke-munici\/#breadcrumb"},"inLanguage":"en-US","potentialAction":[{"@type":"ReadAction","target":["https:\/\/www.vtusp.cz\/en\/htx-a-jeji-vyuziti-v-termobaricke-munici\/"]}]},{"@type":"ImageObject","inLanguage":"en-US","@id":"https:\/\/www.vtusp.cz\/en\/htx-a-jeji-vyuziti-v-termobaricke-munici\/#primaryimage","url":"https:\/\/www.vtusp.cz\/files\/uploads\/2020\/06\/htx_1-1600x528.jpg","contentUrl":"https:\/\/www.vtusp.cz\/files\/uploads\/2020\/06\/htx_1-1600x528.jpg"},{"@type":"BreadcrumbList","@id":"https:\/\/www.vtusp.cz\/en\/htx-a-jeji-vyuziti-v-termobaricke-munici\/#breadcrumb","itemListElement":[{"@type":"ListItem","position":1,"name":"Home","item":"https:\/\/www.vtusp.cz\/en\/"},{"@type":"ListItem","position":2,"name":"HTX a jej\u00ed vyu\u017eit\u00ed v termobarick\u00e9 munici"}]},{"@type":"WebSite","@id":"https:\/\/www.vtusp.cz\/en\/#website","url":"https:\/\/www.vtusp.cz\/en\/","name":"VT\u00da s.p.","description":"","potentialAction":[{"@type":"SearchAction","target":{"@type":"EntryPoint","urlTemplate":"https:\/\/www.vtusp.cz\/en\/?s={search_term_string}"},"query-input":{"@type":"PropertyValueSpecification","valueRequired":true,"valueName":"search_term_string"}}],"inLanguage":"en-US"}]}},"_links":{"self":[{"href":"https:\/\/www.vtusp.cz\/en\/wp-json\/wp\/v2\/pages\/2361","targetHints":{"allow":["GET"]}}],"collection":[{"href":"https:\/\/www.vtusp.cz\/en\/wp-json\/wp\/v2\/pages"}],"about":[{"href":"https:\/\/www.vtusp.cz\/en\/wp-json\/wp\/v2\/types\/page"}],"author":[{"embeddable":true,"href":"https:\/\/www.vtusp.cz\/en\/wp-json\/wp\/v2\/users\/1"}],"replies":[{"embeddable":true,"href":"https:\/\/www.vtusp.cz\/en\/wp-json\/wp\/v2\/comments?post=2361"}],"version-history":[{"count":2,"href":"https:\/\/www.vtusp.cz\/en\/wp-json\/wp\/v2\/pages\/2361\/revisions"}],"predecessor-version":[{"id":2363,"href":"https:\/\/www.vtusp.cz\/en\/wp-json\/wp\/v2\/pages\/2361\/revisions\/2363"}],"wp:attachment":[{"href":"https:\/\/www.vtusp.cz\/en\/wp-json\/wp\/v2\/media?parent=2361"}],"curies":[{"name":"wp","href":"https:\/\/api.w.org\/{rel}","templated":true}]}}