{"id":2124,"date":"2020-05-28T14:16:25","date_gmt":"2020-05-28T12:16:25","guid":{"rendered":"https:\/\/www.vtusp.cz\/contacts\/"},"modified":"2024-04-03T09:46:13","modified_gmt":"2024-04-03T07:46:13","slug":"contacts","status":"publish","type":"page","link":"https:\/\/www.vtusp.cz\/en\/about-us\/contacts\/","title":{"rendered":"Contacts"},"content":{"rendered":"<div class=\"element core-heading\">\n<h2 class=\"wp-block-heading\">Vojensk\u00fd technick\u00fd \u00fastav, s. p.                                                                                                                         (VT\u00da, s. p. \u2013 The Military Technical Institute)<\/h2>\n<\/div>\n\n<div class=\"element core-columns\">\n<div class=\"wp-block-columns is-layout-flex wp-container-core-columns-is-layout-9d6595d7 wp-block-columns-is-layout-flex\"><div class=\"element core-column\">\n<div class=\"wp-block-column is-layout-flow wp-block-column-is-layout-flow\"><div class=\"element core-paragraph\">\n<p><strong>Director of the VT\u00da, s. p. &#8211;&nbsp;Ji\u0159\u00ed KA\u0160P\u00c1REK<\/strong><\/p>\n<\/div>\n\n<div class=\"element core-paragraph\">\n<p>Mladoboleslavsk\u00e1 944<br>197&nbsp;00 Praha 9, Kbely<\/p>\n<\/div>\n\n<div class=\"element core-paragraph\">\n<p>Phone: +420\u00a0910\u00a0105 101<br>Fax: +420 284 817 086<br>E-mail:\u00a0<a href=\"mailto:info@vtusp.cz\">info@vtusp.cz<br><\/a>Data Box:\u00a07jckvi2<\/p>\n<\/div>\n\n<div class=\"element core-paragraph\">\n<p>Business Cooperation Phone: +420 910 105 321<\/p>\n<\/div>\n\n<div class=\"element core-paragraph\">\n<p>Company ID:&nbsp;24272523<br>Tax ID: CZ24272523<\/p>\n<\/div><\/div>\n<\/div>\n\n<div class=\"element core-column\">\n<div class=\"wp-block-column is-layout-flow wp-block-column-is-layout-flow\"><div class=\"element core-image\">\n<figure class=\"wp-block-image size-large\"><img decoding=\"async\" src=\"https:\/\/www.vtusp.cz\/files\/uploads\/\/2020\/05\/logo-vtu.svg\" alt=\"\" class=\"wp-image-926\"\/><\/figure>\n<\/div>\n\n<div class=\"element core-paragraph\">\n<p><\/p>\n<\/div><\/div>\n<\/div><\/div>\n<\/div>\n\n<div class=\"element core-columns\">\n<div class=\"wp-block-columns is-layout-flex wp-container-core-columns-is-layout-9d6595d7 wp-block-columns-is-layout-flex\"><div class=\"element core-column\">\n<div class=\"wp-block-column is-layout-flow wp-block-column-is-layout-flow\"><div class=\"element core-heading\">\n<h3 class=\"wp-block-heading\">VT\u00daLaPVO \u2013 Military Technical Institute of Air Force and Air Defence<\/h3>\n<\/div>\n\n<div class=\"element core-paragraph\">\n<p><b>Director &#8211; Libor TOMOLYA<\/b><\/p>\n<\/div>\n\n<div class=\"element core-paragraph\">\n<p>Mladoboleslavsk\u00e1 944\n197 00 Praha 9, Kbely\nCzech Republic<\/p>\n<\/div>\n\n<div class=\"element core-paragraph\">\n<p>Assistant Director:<\/p>\n<\/div>\n\n<div class=\"element core-paragraph\">\n<p>Phone:&nbsp;+420&nbsp;910 105 301\nFax:&nbsp;+420&nbsp;284&nbsp;817&nbsp;086<\/p>\n<\/div>\n\n<div class=\"element core-paragraph\">\n<p>E-mail:&nbsp;<a href=\"mailto:infoVTULaPVO@vtusp.cz\">infoVTULaPVO@vtusp.cz<\/a><\/p>\n<\/div><\/div>\n<\/div>\n\n<div class=\"element core-column\">\n<div class=\"wp-block-column is-layout-flow wp-block-column-is-layout-flow\"><div class=\"element core-paragraph\">\n<p><\/p>\n<\/div>\n\n<div class=\"element core-gallery\">\n<figure class=\"wp-block-gallery has-nested-images columns-1 is-cropped wp-block-gallery-1 is-layout-flex wp-block-gallery-is-layout-flex\"><div class=\"element core-image\">\n<figure class=\"wp-block-image size-large\"><img decoding=\"async\" width=\"348\" height=\"145\" data-id=\"4780\" src=\"https:\/\/www.vtusp.cz\/files\/smush-webp\/2020\/07\/logo_VTUL.png.webp\" alt=\"\" class=\"wp-image-4780\"\/><\/figure>\n<\/div>\n\n<div class=\"element core-image\">\n<figure class=\"wp-block-image size-large\"><img decoding=\"async\" width=\"1600\" height=\"1067\" data-id=\"4231\" src=\"https:\/\/www.vtusp.cz\/files\/smush-webp\/2020\/06\/Ods\u030cte\u030cpny\u0301-za\u0301vod-VTU\u0301LaPVO-Kbely-1600x1067.jpg.webp\" alt=\"\" class=\"wp-image-4231\" srcset=\"https:\/\/www.vtusp.cz\/files\/smush-webp\/2020\/06\/Ods\u030cte\u030cpny\u0301-za\u0301vod-VTU\u0301LaPVO-Kbely-1600x1067.jpg.webp 1600w, https:\/\/www.vtusp.cz\/files\/smush-webp\/2020\/06\/Ods\u030cte\u030cpny\u0301-za\u0301vod-VTU\u0301LaPVO-Kbely-900x600.jpg.webp 900w, https:\/\/www.vtusp.cz\/files\/smush-webp\/2020\/06\/Ods\u030cte\u030cpny\u0301-za\u0301vod-VTU\u0301LaPVO-Kbely-600x400.jpg.webp 600w, https:\/\/www.vtusp.cz\/files\/smush-webp\/2020\/06\/Ods\u030cte\u030cpny\u0301-za\u0301vod-VTU\u0301LaPVO-Kbely-768x512.jpg.webp 768w, https:\/\/www.vtusp.cz\/files\/smush-webp\/2020\/06\/Ods\u030cte\u030cpny\u0301-za\u0301vod-VTU\u0301LaPVO-Kbely-1536x1024.jpg.webp 1536w, https:\/\/www.vtusp.cz\/files\/smush-webp\/2020\/06\/Ods\u030cte\u030cpny\u0301-za\u0301vod-VTU\u0301LaPVO-Kbely-2048x1365.jpg.webp 2048w, https:\/\/www.vtusp.cz\/files\/smush-webp\/2020\/06\/Ods\u030cte\u030cpny\u0301-za\u0301vod-VTU\u0301LaPVO-Kbely-300x200.jpg.webp 300w\" sizes=\"(max-width: 1600px) 100vw, 1600px\" \/><\/figure>\n<\/div><\/figure>\n<\/div>\n\n<div class=\"element core-paragraph\">\n<p><\/p>\n<\/div><\/div>\n<\/div><\/div>\n<\/div>\n\n<div class=\"element core-columns\">\n<div class=\"wp-block-columns is-layout-flex wp-container-core-columns-is-layout-9d6595d7 wp-block-columns-is-layout-flex\"><div class=\"element core-column\">\n<div class=\"wp-block-column is-layout-flow wp-block-column-is-layout-flow\"><div class=\"element core-heading\">\n<h3 class=\"wp-block-heading\">VT\u00daPV \u2013 Military Technical Institute of Ground Forces<\/h3>\n<\/div>\n\n<div class=\"element core-paragraph\">\n<p><strong>Director &#8211; Jarom\u00edr \u0160EBESTA<\/strong><\/p>\n<\/div>\n\n<div class=\"element core-paragraph\">\n<p>V\u00edta Nejedl\u00e9ho 691\n682 01&nbsp;Vy\u0161kov, D\u011bdice\nCzech Republic<\/p>\n<\/div>\n\n<div class=\"element core-paragraph\">\n<p>Assistant Director:<\/p>\n<\/div>\n\n<div class=\"element core-paragraph\">\n<p>Phone:&nbsp;+420 910 105 501\nFax:&nbsp;+420 910 105 499<\/p>\n<\/div>\n\n<div class=\"element core-paragraph\">\n<p>E-mail:&nbsp;<a href=\"mailto:infoVTUPV@vtusp.cz\">infoVTUPV@vtusp.cz<\/a><\/p>\n<\/div><\/div>\n<\/div>\n\n<div class=\"element core-column\">\n<div class=\"wp-block-column is-layout-flow wp-block-column-is-layout-flow\"><div class=\"element core-gallery\">\n<figure class=\"wp-block-gallery has-nested-images columns-1 is-cropped wp-block-gallery-2 is-layout-flex wp-block-gallery-is-layout-flex\"><div class=\"element core-image\">\n<figure class=\"wp-block-image size-large\"><img decoding=\"async\" width=\"146\" height=\"79\" data-id=\"588\" src=\"https:\/\/www.vtusp.cz\/files\/uploads\/\/2020\/05\/logo-vtupv.svg\" alt=\"\" class=\"wp-image-588\"\/><\/figure>\n<\/div>\n\n<div class=\"element core-image\">\n<figure class=\"wp-block-image size-large\"><img decoding=\"async\" width=\"1600\" height=\"1067\" data-id=\"4233\" src=\"https:\/\/www.vtusp.cz\/files\/smush-webp\/2020\/06\/Ods\u030cte\u030cpny\u0301-za\u0301vod-VTU\u0301PV-Vys\u030ckov-1600x1067.jpg.webp\" alt=\"\" class=\"wp-image-4233\" srcset=\"https:\/\/www.vtusp.cz\/files\/smush-webp\/2020\/06\/Ods\u030cte\u030cpny\u0301-za\u0301vod-VTU\u0301PV-Vys\u030ckov-1600x1067.jpg.webp 1600w, https:\/\/www.vtusp.cz\/files\/smush-webp\/2020\/06\/Ods\u030cte\u030cpny\u0301-za\u0301vod-VTU\u0301PV-Vys\u030ckov-900x600.jpg.webp 900w, https:\/\/www.vtusp.cz\/files\/smush-webp\/2020\/06\/Ods\u030cte\u030cpny\u0301-za\u0301vod-VTU\u0301PV-Vys\u030ckov-600x400.jpg.webp 600w, https:\/\/www.vtusp.cz\/files\/smush-webp\/2020\/06\/Ods\u030cte\u030cpny\u0301-za\u0301vod-VTU\u0301PV-Vys\u030ckov-768x512.jpg.webp 768w, https:\/\/www.vtusp.cz\/files\/smush-webp\/2020\/06\/Ods\u030cte\u030cpny\u0301-za\u0301vod-VTU\u0301PV-Vys\u030ckov-1536x1024.jpg.webp 1536w, https:\/\/www.vtusp.cz\/files\/smush-webp\/2020\/06\/Ods\u030cte\u030cpny\u0301-za\u0301vod-VTU\u0301PV-Vys\u030ckov-2048x1366.jpg.webp 2048w, https:\/\/www.vtusp.cz\/files\/smush-webp\/2020\/06\/Ods\u030cte\u030cpny\u0301-za\u0301vod-VTU\u0301PV-Vys\u030ckov-300x200.jpg.webp 300w\" sizes=\"(max-width: 1600px) 100vw, 1600px\" \/><\/figure>\n<\/div><\/figure>\n<\/div><\/div>\n<\/div><\/div>\n<\/div>\n\n<div class=\"element core-columns\">\n<div class=\"wp-block-columns is-layout-flex wp-container-core-columns-is-layout-9d6595d7 wp-block-columns-is-layout-flex\"><div class=\"element core-column\">\n<div class=\"wp-block-column is-layout-flow wp-block-column-is-layout-flow\"><div class=\"element core-heading\">\n<h3 class=\"wp-block-heading\">VT\u00daVM \u2013 Military Technical Institute of Armament and Ammunition<\/h3>\n<\/div>\n\n<div class=\"element core-paragraph\">\n<p><b>Director &#8211; J\u00e1n ROMAN<\/b><\/p>\n<\/div>\n\n<div class=\"element core-paragraph\">\n<p>Dlouh\u00e1 300\n763 21 Slavi\u010d\u00edn\nCzech Republic<\/p>\n<\/div>\n\n<div class=\"element core-paragraph\">\n<p>Assistant Director:<\/p>\n<\/div>\n\n<div class=\"element core-paragraph\">\n<p>Phone:&nbsp;+420&nbsp;910 105 701\nfax:&nbsp;+420 910 105 799<\/p>\n<\/div>\n\n<div class=\"element core-paragraph\">\n<p>E-mail:&nbsp;<a href=\"mailto:infoVTUVM@vtusp.cz\">infoVTUVM@vtusp.cz<\/a><\/p>\n<\/div><\/div>\n<\/div>\n\n<div class=\"element core-column\">\n<div class=\"wp-block-column is-layout-flow wp-block-column-is-layout-flow\"><div class=\"element core-gallery\">\n<figure class=\"wp-block-gallery has-nested-images columns-1 is-cropped wp-block-gallery-3 is-layout-flex wp-block-gallery-is-layout-flex\"><div class=\"element core-image\">\n<figure class=\"wp-block-image size-large\"><img decoding=\"async\" width=\"690\" height=\"234\" data-id=\"4228\" src=\"https:\/\/www.vtusp.cz\/files\/smush-webp\/2020\/06\/vtuvm-1.jpg.webp\" alt=\"\" class=\"wp-image-4228\"\/><\/figure>\n<\/div>\n\n<div class=\"element core-image\">\n<figure class=\"wp-block-image size-large\"><img decoding=\"async\" width=\"1600\" height=\"1067\" data-id=\"4235\" src=\"https:\/\/www.vtusp.cz\/files\/smush-webp\/2020\/06\/Ods\u030cte\u030cpny\u0301-za\u0301vod-VTU\u0301VM-Slavic\u030ci\u0301n-1600x1067.jpg.webp\" alt=\"\" class=\"wp-image-4235\" srcset=\"https:\/\/www.vtusp.cz\/files\/smush-webp\/2020\/06\/Ods\u030cte\u030cpny\u0301-za\u0301vod-VTU\u0301VM-Slavic\u030ci\u0301n-1600x1067.jpg.webp 1600w, https:\/\/www.vtusp.cz\/files\/smush-webp\/2020\/06\/Ods\u030cte\u030cpny\u0301-za\u0301vod-VTU\u0301VM-Slavic\u030ci\u0301n-900x600.jpg.webp 900w, https:\/\/www.vtusp.cz\/files\/smush-webp\/2020\/06\/Ods\u030cte\u030cpny\u0301-za\u0301vod-VTU\u0301VM-Slavic\u030ci\u0301n-600x400.jpg.webp 600w, https:\/\/www.vtusp.cz\/files\/smush-webp\/2020\/06\/Ods\u030cte\u030cpny\u0301-za\u0301vod-VTU\u0301VM-Slavic\u030ci\u0301n-768x512.jpg.webp 768w, https:\/\/www.vtusp.cz\/files\/smush-webp\/2020\/06\/Ods\u030cte\u030cpny\u0301-za\u0301vod-VTU\u0301VM-Slavic\u030ci\u0301n-1536x1024.jpg.webp 1536w, https:\/\/www.vtusp.cz\/files\/smush-webp\/2020\/06\/Ods\u030cte\u030cpny\u0301-za\u0301vod-VTU\u0301VM-Slavic\u030ci\u0301n-300x200.jpg.webp 300w, https:\/\/www.vtusp.cz\/files\/smush-webp\/2020\/06\/Ods\u030cte\u030cpny\u0301-za\u0301vod-VTU\u0301VM-Slavic\u030ci\u0301n.jpg.webp 1827w\" sizes=\"(max-width: 1600px) 100vw, 1600px\" \/><\/figure>\n<\/div><\/figure>\n<\/div><\/div>\n<\/div><\/div>\n<\/div>","protected":false},"excerpt":{"rendered":"<p>Vojensk\u00fd technick\u00fd \u00fastav, s. p. (VT\u00da, s. p. \u2013 The Military Technical Institute) Director of the VT\u00da, s. p. &#8211;&nbsp;Ji\u0159\u00ed KA\u0160P\u00c1REK Mladoboleslavsk\u00e1 944197&nbsp;00 Praha 9, Kbely Phone: +420\u00a0910\u00a0105 101Fax: +420&#8230;<\/p>\n","protected":false},"author":1,"featured_media":0,"parent":3190,"menu_order":75,"comment_status":"closed","ping_status":"closed","template":"","meta":{"_acf_changed":false,"inline_featured_image":false,"footnotes":""},"class_list":["post-2124","page","type-page","status-publish","hentry"],"acf":[],"yoast_head":"<!-- This site is optimized with the Yoast SEO plugin v27.4 - https:\/\/yoast.com\/product\/yoast-seo-wordpress\/ -->\n<title>Contacts | VT\u00da s.p.<\/title>\n<meta name=\"robots\" content=\"index, follow, max-snippet:-1, max-image-preview:large, max-video-preview:-1\" \/>\n<link rel=\"canonical\" href=\"https:\/\/www.vtusp.cz\/en\/about-us\/contacts\/\" \/>\n<meta property=\"og:locale\" content=\"en_US\" \/>\n<meta property=\"og:type\" content=\"article\" \/>\n<meta property=\"og:title\" content=\"Contacts | VT\u00da s.p.\" \/>\n<meta property=\"og:description\" content=\"Vojensk\u00fd technick\u00fd \u00fastav, s. p. (VT\u00da, s. p. \u2013 The Military Technical Institute) Director of the VT\u00da, s. p. &#8211;&nbsp;Ji\u0159\u00ed KA\u0160P\u00c1REK Mladoboleslavsk\u00e1 944197&nbsp;00 Praha 9, Kbely Phone: +420\u00a0910\u00a0105 101Fax: +420...\" \/>\n<meta property=\"og:url\" content=\"https:\/\/www.vtusp.cz\/en\/about-us\/contacts\/\" \/>\n<meta property=\"og:site_name\" content=\"VT\u00da s.p.\" \/>\n<meta property=\"article:modified_time\" content=\"2024-04-03T07:46:13+00:00\" \/>\n<meta property=\"og:image\" content=\"https:\/\/www.vtusp.cz\/files\/uploads\/\/2020\/05\/logo-vtu.svg\" \/>\n<meta name=\"twitter:card\" content=\"summary_large_image\" \/>\n<meta name=\"twitter:label1\" content=\"Est. reading time\" \/>\n\t<meta name=\"twitter:data1\" content=\"3 minutes\" \/>\n<script type=\"application\/ld+json\" class=\"yoast-schema-graph\">{\"@context\":\"https:\\\/\\\/schema.org\",\"@graph\":[{\"@type\":\"WebPage\",\"@id\":\"https:\\\/\\\/www.vtusp.cz\\\/en\\\/about-us\\\/contacts\\\/\",\"url\":\"https:\\\/\\\/www.vtusp.cz\\\/en\\\/about-us\\\/contacts\\\/\",\"name\":\"Contacts | VT\u00da s.p.\",\"isPartOf\":{\"@id\":\"https:\\\/\\\/www.vtusp.cz\\\/en\\\/#website\"},\"primaryImageOfPage\":{\"@id\":\"https:\\\/\\\/www.vtusp.cz\\\/en\\\/about-us\\\/contacts\\\/#primaryimage\"},\"image\":{\"@id\":\"https:\\\/\\\/www.vtusp.cz\\\/en\\\/about-us\\\/contacts\\\/#primaryimage\"},\"thumbnailUrl\":\"https:\\\/\\\/www.vtusp.cz\\\/files\\\/uploads\\\/\\\/2020\\\/05\\\/logo-vtu.svg\",\"datePublished\":\"2020-05-28T12:16:25+00:00\",\"dateModified\":\"2024-04-03T07:46:13+00:00\",\"breadcrumb\":{\"@id\":\"https:\\\/\\\/www.vtusp.cz\\\/en\\\/about-us\\\/contacts\\\/#breadcrumb\"},\"inLanguage\":\"en-US\",\"potentialAction\":[{\"@type\":\"ReadAction\",\"target\":[\"https:\\\/\\\/www.vtusp.cz\\\/en\\\/about-us\\\/contacts\\\/\"]}]},{\"@type\":\"ImageObject\",\"inLanguage\":\"en-US\",\"@id\":\"https:\\\/\\\/www.vtusp.cz\\\/en\\\/about-us\\\/contacts\\\/#primaryimage\",\"url\":\"https:\\\/\\\/www.vtusp.cz\\\/files\\\/uploads\\\/\\\/2020\\\/05\\\/logo-vtu.svg\",\"contentUrl\":\"https:\\\/\\\/www.vtusp.cz\\\/files\\\/uploads\\\/\\\/2020\\\/05\\\/logo-vtu.svg\"},{\"@type\":\"BreadcrumbList\",\"@id\":\"https:\\\/\\\/www.vtusp.cz\\\/en\\\/about-us\\\/contacts\\\/#breadcrumb\",\"itemListElement\":[{\"@type\":\"ListItem\",\"position\":1,\"name\":\"Home\",\"item\":\"https:\\\/\\\/www.vtusp.cz\\\/en\\\/\"},{\"@type\":\"ListItem\",\"position\":2,\"name\":\"About us\",\"item\":\"https:\\\/\\\/www.vtusp.cz\\\/en\\\/about-us\\\/\"},{\"@type\":\"ListItem\",\"position\":3,\"name\":\"Contacts\"}]},{\"@type\":\"WebSite\",\"@id\":\"https:\\\/\\\/www.vtusp.cz\\\/en\\\/#website\",\"url\":\"https:\\\/\\\/www.vtusp.cz\\\/en\\\/\",\"name\":\"VT\u00da s.p.\",\"description\":\"\",\"potentialAction\":[{\"@type\":\"SearchAction\",\"target\":{\"@type\":\"EntryPoint\",\"urlTemplate\":\"https:\\\/\\\/www.vtusp.cz\\\/en\\\/?s={search_term_string}\"},\"query-input\":{\"@type\":\"PropertyValueSpecification\",\"valueRequired\":true,\"valueName\":\"search_term_string\"}}],\"inLanguage\":\"en-US\"}]}<\/script>\n<!-- \/ Yoast SEO plugin. -->","yoast_head_json":{"title":"Contacts | VT\u00da s.p.","robots":{"index":"index","follow":"follow","max-snippet":"max-snippet:-1","max-image-preview":"max-image-preview:large","max-video-preview":"max-video-preview:-1"},"canonical":"https:\/\/www.vtusp.cz\/en\/about-us\/contacts\/","og_locale":"en_US","og_type":"article","og_title":"Contacts | VT\u00da s.p.","og_description":"Vojensk\u00fd technick\u00fd \u00fastav, s. p. (VT\u00da, s. p. \u2013 The Military Technical Institute) Director of the VT\u00da, s. p. &#8211;&nbsp;Ji\u0159\u00ed KA\u0160P\u00c1REK Mladoboleslavsk\u00e1 944197&nbsp;00 Praha 9, Kbely Phone: +420\u00a0910\u00a0105 101Fax: +420...","og_url":"https:\/\/www.vtusp.cz\/en\/about-us\/contacts\/","og_site_name":"VT\u00da s.p.","article_modified_time":"2024-04-03T07:46:13+00:00","og_image":[{"url":"https:\/\/www.vtusp.cz\/files\/uploads\/\/2020\/05\/logo-vtu.svg","type":"","width":"","height":""}],"twitter_card":"summary_large_image","twitter_misc":{"Est. reading time":"3 minutes"},"schema":{"@context":"https:\/\/schema.org","@graph":[{"@type":"WebPage","@id":"https:\/\/www.vtusp.cz\/en\/about-us\/contacts\/","url":"https:\/\/www.vtusp.cz\/en\/about-us\/contacts\/","name":"Contacts | VT\u00da s.p.","isPartOf":{"@id":"https:\/\/www.vtusp.cz\/en\/#website"},"primaryImageOfPage":{"@id":"https:\/\/www.vtusp.cz\/en\/about-us\/contacts\/#primaryimage"},"image":{"@id":"https:\/\/www.vtusp.cz\/en\/about-us\/contacts\/#primaryimage"},"thumbnailUrl":"https:\/\/www.vtusp.cz\/files\/uploads\/\/2020\/05\/logo-vtu.svg","datePublished":"2020-05-28T12:16:25+00:00","dateModified":"2024-04-03T07:46:13+00:00","breadcrumb":{"@id":"https:\/\/www.vtusp.cz\/en\/about-us\/contacts\/#breadcrumb"},"inLanguage":"en-US","potentialAction":[{"@type":"ReadAction","target":["https:\/\/www.vtusp.cz\/en\/about-us\/contacts\/"]}]},{"@type":"ImageObject","inLanguage":"en-US","@id":"https:\/\/www.vtusp.cz\/en\/about-us\/contacts\/#primaryimage","url":"https:\/\/www.vtusp.cz\/files\/uploads\/\/2020\/05\/logo-vtu.svg","contentUrl":"https:\/\/www.vtusp.cz\/files\/uploads\/\/2020\/05\/logo-vtu.svg"},{"@type":"BreadcrumbList","@id":"https:\/\/www.vtusp.cz\/en\/about-us\/contacts\/#breadcrumb","itemListElement":[{"@type":"ListItem","position":1,"name":"Home","item":"https:\/\/www.vtusp.cz\/en\/"},{"@type":"ListItem","position":2,"name":"About us","item":"https:\/\/www.vtusp.cz\/en\/about-us\/"},{"@type":"ListItem","position":3,"name":"Contacts"}]},{"@type":"WebSite","@id":"https:\/\/www.vtusp.cz\/en\/#website","url":"https:\/\/www.vtusp.cz\/en\/","name":"VT\u00da s.p.","description":"","potentialAction":[{"@type":"SearchAction","target":{"@type":"EntryPoint","urlTemplate":"https:\/\/www.vtusp.cz\/en\/?s={search_term_string}"},"query-input":{"@type":"PropertyValueSpecification","valueRequired":true,"valueName":"search_term_string"}}],"inLanguage":"en-US"}]}},"_links":{"self":[{"href":"https:\/\/www.vtusp.cz\/en\/wp-json\/wp\/v2\/pages\/2124","targetHints":{"allow":["GET"]}}],"collection":[{"href":"https:\/\/www.vtusp.cz\/en\/wp-json\/wp\/v2\/pages"}],"about":[{"href":"https:\/\/www.vtusp.cz\/en\/wp-json\/wp\/v2\/types\/page"}],"author":[{"embeddable":true,"href":"https:\/\/www.vtusp.cz\/en\/wp-json\/wp\/v2\/users\/1"}],"replies":[{"embeddable":true,"href":"https:\/\/www.vtusp.cz\/en\/wp-json\/wp\/v2\/comments?post=2124"}],"version-history":[{"count":83,"href":"https:\/\/www.vtusp.cz\/en\/wp-json\/wp\/v2\/pages\/2124\/revisions"}],"predecessor-version":[{"id":9813,"href":"https:\/\/www.vtusp.cz\/en\/wp-json\/wp\/v2\/pages\/2124\/revisions\/9813"}],"up":[{"embeddable":true,"href":"https:\/\/www.vtusp.cz\/en\/wp-json\/wp\/v2\/pages\/3190"}],"wp:attachment":[{"href":"https:\/\/www.vtusp.cz\/en\/wp-json\/wp\/v2\/media?parent=2124"}],"curies":[{"name":"wp","href":"https:\/\/api.w.org\/{rel}","templated":true}]}}