{"id":1376,"date":"2020-05-25T12:01:26","date_gmt":"2020-05-25T10:01:26","guid":{"rendered":"https:\/\/www.vtusp.cz\/snezka-m\/"},"modified":"2020-06-19T10:12:09","modified_gmt":"2020-06-19T08:12:09","slug":"snezka-m","status":"publish","type":"page","link":"https:\/\/www.vtusp.cz\/en\/products\/snezka-m\/","title":{"rendered":"Sn\u011b\u017eka-M"},"content":{"rendered":"<div class=\"element core-image\">\n<figure class=\"wp-block-image size-large\"><img decoding=\"async\" width=\"1600\" height=\"895\" src=\"https:\/\/www.vtusp.cz\/files\/smush-webp\/2020\/05\/snezka-m-1600x895.jpg.webp\" alt=\"\" class=\"wp-image-2188\" srcset=\"https:\/\/www.vtusp.cz\/files\/smush-webp\/2020\/05\/snezka-m-1600x895.jpg.webp 1600w, https:\/\/www.vtusp.cz\/files\/smush-webp\/2020\/05\/snezka-m-900x503.jpg.webp 900w, https:\/\/www.vtusp.cz\/files\/smush-webp\/2020\/05\/snezka-m-768x430.jpg.webp 768w, https:\/\/www.vtusp.cz\/files\/smush-webp\/2020\/05\/snezka-m-1536x859.jpg.webp 1536w, https:\/\/www.vtusp.cz\/files\/smush-webp\/2020\/05\/snezka-m-2048x1146.jpg.webp 2048w\" sizes=\"(max-width: 1600px) 100vw, 1600px\" \/><\/figure>\n<\/div>\n\n<div class=\"element core-heading\">\n<h2 class=\"wp-block-heading\">Artillery reconnaissance assembly<\/h2>\n<\/div>\n\n<div class=\"element core-paragraph\">\n<p>Reconnaissance observation assembly \u201eSN\u011a\u017dKA M\u201d is a modification of an existing assembly at the level of system solution of integrated reconnaissance system, control systems (HW and SW), communication means, power source and support sub-systems in order to increase useful characteristics to the level of contemporary reconnaissance systems.<\/p>\n<\/div>\n\n<div class=\"element core-heading\">\n<h3 class=\"wp-block-heading\">Purpose<\/h3>\n<\/div>\n\n<div class=\"element core-paragraph\">\n<p>Reconnaissance observation assembly \u201cSN\u011a\u017dKA M\u201d is integral part of artillery battalion firing control system and is designed for artillery battlefield reconnaissance and for data securing needed for firing when performing tasks of forces firing support. It is supposed to be deployed especially in exposed battlefields, where ensures very good protection of crew and devices against grenade fragments, small weapons bullets and mass destruction weapons. Used sub-systems for reconnaissance and their mutual configuration enable to construct reconnaissance assembly with long range target detection and identification.<\/p>\n<\/div>\n\n<div class=\"element core-image\">\n<figure class=\"wp-block-image size-large\"><img decoding=\"async\" width=\"1600\" height=\"725\" src=\"https:\/\/www.vtusp.cz\/files\/smush-webp\/2020\/05\/snezka-m_1-1600x725.jpg.webp\" alt=\"\" class=\"wp-image-2186\" srcset=\"https:\/\/www.vtusp.cz\/files\/smush-webp\/2020\/05\/snezka-m_1-1600x725.jpg.webp 1600w, https:\/\/www.vtusp.cz\/files\/smush-webp\/2020\/05\/snezka-m_1-900x408.jpg.webp 900w, https:\/\/www.vtusp.cz\/files\/smush-webp\/2020\/05\/snezka-m_1-768x348.jpg.webp 768w, https:\/\/www.vtusp.cz\/files\/smush-webp\/2020\/05\/snezka-m_1-1536x696.jpg.webp 1536w, https:\/\/www.vtusp.cz\/files\/smush-webp\/2020\/05\/snezka-m_1-2048x928.jpg.webp 2048w\" sizes=\"(max-width: 1600px) 100vw, 1600px\" \/><\/figure>\n<\/div>\n\n<div class=\"element core-heading\">\n<h3 class=\"wp-block-heading\">Main TTD<\/h3>\n<\/div>\n\n<div class=\"element core-table\">\n<figure class=\"wp-block-table\"><table><tbody><tr><td>Dimensions:<\/td><td>Length<\/td><td>7 485 mm<\/td><\/tr><tr><td><\/td><td>Width<\/td><td>3 150 mm<\/td><\/tr><tr><td><\/td><td>Height<\/td><td>3 700 mm<\/td><\/tr><tr><td><\/td><td>Combat height<\/td><td>15 090 mm<\/td><\/tr><tr><td>Mass:<\/td><td>Total mass<\/td><td>17 000 kg<\/td><\/tr><tr><td>External communication subsystem:<\/td><td>Hand radio-station Harris RF7800M-HH<\/td><td>1 pc<\/td><\/tr><tr><td><\/td><td>Vehicle radio-station RF 1325<\/td><td>1 pc<\/td><\/tr><tr><td><\/td><td>Vehicle radio-station Harris RF7800M-MP<\/td><td>1 pc<\/td><\/tr><tr><td>Navigation sub-system:<\/td><td>GPS receiver DAGR AN\/PSN-13A<\/td><td>1 pc<\/td><\/tr><tr><td><\/td><td>Inertial navigation unit TALIN 4000<\/td><td>1 pc<\/td><\/tr><tr><td>Optical sensors target range , type TANK:<\/td><td>Day camera detection<\/td><td>up to 18 km<\/td><\/tr><tr><td><\/td><td>Day camera reconnaissance<\/td><td>up to 10 km<\/td><\/tr><tr><td><\/td><td>Day camera identification<\/td><td>up to 6 km<\/td><\/tr><tr><td><\/td><td>IR camera detection<\/td><td>up to 14 km<\/td><\/tr><tr><td><\/td><td>IR camera reconnaissance<\/td><td>up to 8 km<\/td><\/tr><tr><td><\/td><td>IR camera identification<\/td><td>up to 5 km<\/td><\/tr><tr><td><\/td><td>Day camera detection<\/td><td>up to 20 km<\/td><\/tr><tr><td>Radar unit<\/td><td>Type &#8211; Squire<\/td><td>1 pc<\/td><\/tr><tr><td><\/td><td>Range<\/td><td>up to 48 km<\/td><\/tr><tr><td>Alternative Reconnaissance Kit\n(SNPz):<\/td><td>Leica Vector 21 Nite<\/td><td>1 pc<\/td><\/tr><tr><td><\/td><td>GonioLight V or STERNA V<\/td><td>1 pc<\/td><\/tr><tr><td><\/td><td>Data terminal IX104C5DMSR<\/td><td>1 pc<\/td><\/tr><tr><td><\/td><td>GPS receiver DAGR AN\/PSN-13A<\/td><td>1 pc<\/td><\/tr><tr><td><\/td><td>Tripod<\/td><td>1 pc<\/td><\/tr><tr><td><\/td><td>Backpack TL 98 S UV VZ 95 VTUVM<\/td><td>1 pc<\/td><\/tr><\/tbody><\/table><\/figure>\n<\/div>\n\n<div class=\"element acf-files\"><section class=\"files\">\n\t<div class=\"in cf\">\n\t\t\t\t<div class=\"files obrazek\">\n\t\t\t\t\t<\/div>\n\t<\/div>\n<\/section> \n<\/div>\n\n<div class=\"element acf-files\"><section class=\"files\">\n\t<div class=\"in cf\">\n\t\t\t\t<div class=\"files ikona\">\n\t\t\t\t\t\t\t\t\t\t\t\t<div class=\"file\">\n\t\t\t\t\t\t<div class=\"inner cf\">\n\t\t\t\t\t\t\t\t\t\t\t\t\t\t\t\t\t\t\t\t\t\t<span class=\"icon pdf\">pdf<\/span>\n\t\t\t\t\t\t\t\t\t\t\t\t\t\t<div class=\"title\"><h5>Product catalog Sn\u011b\u017eka &#8211; M<\/h5><\/div>\n\t\t\t\t\t\t\t\t\t\t\t\t\t\t\t<div class=\"right\">\n\t\t\t\t\t\t\t\t\t<div class=\"right-inner\">\n\t\t\t\t\t\t\t\t\t\t<a class=\"download\" href=\"https:\/\/www.vtusp.cz\/files\/uploads\/2020\/06\/Sn\u011b\u017ekaM_AN.pdf\" download>Download<\/a>\n\t\t\t\t\t\t\t\t\t\t<p class=\"info\">\n\t\t\t\t\t\t\t\t\t\t\tpdf<span class=\"sep\">|<\/span>\n\t\t\t\t\t\t\t\t\t\t\t585.60 kB\t\t\t\t\t\t\t\t\t\t<\/p>\n\t\t\t\t\t\t\t\t\t<\/div>\n\t\t\t\t\t\t\t\t<\/div>\n\t\t\t\t\t\t\t\t\t\t\t\t\t<\/div>\n\t\t\t\t\t<\/div>\n\t\t\t\t\t\t\t\t\t<\/div>\n\t<\/div>\n<\/section> \n<\/div>","protected":false},"excerpt":{"rendered":"<p>Artillery reconnaissance assembly Reconnaissance observation assembly \u201eSN\u011a\u017dKA M\u201d is a modification of an existing assembly at the level of system solution of integrated reconnaissance system, control systems (HW and SW),&#8230;<\/p>\n","protected":false},"author":1,"featured_media":0,"parent":1853,"menu_order":123,"comment_status":"closed","ping_status":"closed","template":"","meta":{"_acf_changed":false,"inline_featured_image":false,"footnotes":""},"class_list":["post-1376","page","type-page","status-publish","hentry"],"acf":[],"yoast_head":"<!-- This site is optimized with the Yoast SEO plugin v27.5 - https:\/\/yoast.com\/product\/yoast-seo-wordpress\/ -->\n<title>Sn\u011b\u017eka-M | VT\u00da s.p.<\/title>\n<meta name=\"robots\" content=\"index, follow, max-snippet:-1, max-image-preview:large, max-video-preview:-1\" \/>\n<link rel=\"canonical\" href=\"https:\/\/www.vtusp.cz\/en\/products\/snezka-m\/\" \/>\n<meta property=\"og:locale\" content=\"en_US\" \/>\n<meta property=\"og:type\" content=\"article\" \/>\n<meta property=\"og:title\" content=\"Sn\u011b\u017eka-M | VT\u00da s.p.\" \/>\n<meta property=\"og:description\" content=\"Artillery reconnaissance assembly Reconnaissance observation assembly \u201eSN\u011a\u017dKA M\u201d is a modification of an existing assembly at the level of system solution of integrated reconnaissance system, control systems (HW and SW),...\" \/>\n<meta property=\"og:url\" content=\"https:\/\/www.vtusp.cz\/en\/products\/snezka-m\/\" \/>\n<meta property=\"og:site_name\" content=\"VT\u00da s.p.\" \/>\n<meta property=\"article:modified_time\" content=\"2020-06-19T08:12:09+00:00\" \/>\n<meta property=\"og:image\" content=\"https:\/\/www.vtusp.cz\/files\/uploads\/2020\/05\/snezka-m-1600x895.jpg\" \/>\n<meta name=\"twitter:card\" content=\"summary_large_image\" \/>\n<meta name=\"twitter:label1\" content=\"Est. reading time\" \/>\n\t<meta name=\"twitter:data1\" content=\"1 minute\" \/>\n<script type=\"application\/ld+json\" class=\"yoast-schema-graph\">{\"@context\":\"https:\\\/\\\/schema.org\",\"@graph\":[{\"@type\":\"WebPage\",\"@id\":\"https:\\\/\\\/www.vtusp.cz\\\/en\\\/products\\\/snezka-m\\\/\",\"url\":\"https:\\\/\\\/www.vtusp.cz\\\/en\\\/products\\\/snezka-m\\\/\",\"name\":\"Sn\u011b\u017eka-M | VT\u00da s.p.\",\"isPartOf\":{\"@id\":\"https:\\\/\\\/www.vtusp.cz\\\/en\\\/#website\"},\"primaryImageOfPage\":{\"@id\":\"https:\\\/\\\/www.vtusp.cz\\\/en\\\/products\\\/snezka-m\\\/#primaryimage\"},\"image\":{\"@id\":\"https:\\\/\\\/www.vtusp.cz\\\/en\\\/products\\\/snezka-m\\\/#primaryimage\"},\"thumbnailUrl\":\"https:\\\/\\\/www.vtusp.cz\\\/files\\\/uploads\\\/2020\\\/05\\\/snezka-m-1600x895.jpg\",\"datePublished\":\"2020-05-25T10:01:26+00:00\",\"dateModified\":\"2020-06-19T08:12:09+00:00\",\"breadcrumb\":{\"@id\":\"https:\\\/\\\/www.vtusp.cz\\\/en\\\/products\\\/snezka-m\\\/#breadcrumb\"},\"inLanguage\":\"en-US\",\"potentialAction\":[{\"@type\":\"ReadAction\",\"target\":[\"https:\\\/\\\/www.vtusp.cz\\\/en\\\/products\\\/snezka-m\\\/\"]}]},{\"@type\":\"ImageObject\",\"inLanguage\":\"en-US\",\"@id\":\"https:\\\/\\\/www.vtusp.cz\\\/en\\\/products\\\/snezka-m\\\/#primaryimage\",\"url\":\"https:\\\/\\\/www.vtusp.cz\\\/files\\\/uploads\\\/2020\\\/05\\\/snezka-m-1600x895.jpg\",\"contentUrl\":\"https:\\\/\\\/www.vtusp.cz\\\/files\\\/uploads\\\/2020\\\/05\\\/snezka-m-1600x895.jpg\"},{\"@type\":\"BreadcrumbList\",\"@id\":\"https:\\\/\\\/www.vtusp.cz\\\/en\\\/products\\\/snezka-m\\\/#breadcrumb\",\"itemListElement\":[{\"@type\":\"ListItem\",\"position\":1,\"name\":\"Home\",\"item\":\"https:\\\/\\\/www.vtusp.cz\\\/en\\\/\"},{\"@type\":\"ListItem\",\"position\":2,\"name\":\"Products\",\"item\":\"https:\\\/\\\/www.vtusp.cz\\\/en\\\/products\\\/\"},{\"@type\":\"ListItem\",\"position\":3,\"name\":\"Sn\u011b\u017eka-M\"}]},{\"@type\":\"WebSite\",\"@id\":\"https:\\\/\\\/www.vtusp.cz\\\/en\\\/#website\",\"url\":\"https:\\\/\\\/www.vtusp.cz\\\/en\\\/\",\"name\":\"VT\u00da s.p.\",\"description\":\"\",\"potentialAction\":[{\"@type\":\"SearchAction\",\"target\":{\"@type\":\"EntryPoint\",\"urlTemplate\":\"https:\\\/\\\/www.vtusp.cz\\\/en\\\/?s={search_term_string}\"},\"query-input\":{\"@type\":\"PropertyValueSpecification\",\"valueRequired\":true,\"valueName\":\"search_term_string\"}}],\"inLanguage\":\"en-US\"}]}<\/script>\n<!-- \/ Yoast SEO plugin. -->","yoast_head_json":{"title":"Sn\u011b\u017eka-M | VT\u00da s.p.","robots":{"index":"index","follow":"follow","max-snippet":"max-snippet:-1","max-image-preview":"max-image-preview:large","max-video-preview":"max-video-preview:-1"},"canonical":"https:\/\/www.vtusp.cz\/en\/products\/snezka-m\/","og_locale":"en_US","og_type":"article","og_title":"Sn\u011b\u017eka-M | VT\u00da s.p.","og_description":"Artillery reconnaissance assembly Reconnaissance observation assembly \u201eSN\u011a\u017dKA M\u201d is a modification of an existing assembly at the level of system solution of integrated reconnaissance system, control systems (HW and SW),...","og_url":"https:\/\/www.vtusp.cz\/en\/products\/snezka-m\/","og_site_name":"VT\u00da s.p.","article_modified_time":"2020-06-19T08:12:09+00:00","og_image":[{"url":"https:\/\/www.vtusp.cz\/files\/uploads\/2020\/05\/snezka-m-1600x895.jpg","type":"","width":"","height":""}],"twitter_card":"summary_large_image","twitter_misc":{"Est. reading time":"1 minute"},"schema":{"@context":"https:\/\/schema.org","@graph":[{"@type":"WebPage","@id":"https:\/\/www.vtusp.cz\/en\/products\/snezka-m\/","url":"https:\/\/www.vtusp.cz\/en\/products\/snezka-m\/","name":"Sn\u011b\u017eka-M | VT\u00da s.p.","isPartOf":{"@id":"https:\/\/www.vtusp.cz\/en\/#website"},"primaryImageOfPage":{"@id":"https:\/\/www.vtusp.cz\/en\/products\/snezka-m\/#primaryimage"},"image":{"@id":"https:\/\/www.vtusp.cz\/en\/products\/snezka-m\/#primaryimage"},"thumbnailUrl":"https:\/\/www.vtusp.cz\/files\/uploads\/2020\/05\/snezka-m-1600x895.jpg","datePublished":"2020-05-25T10:01:26+00:00","dateModified":"2020-06-19T08:12:09+00:00","breadcrumb":{"@id":"https:\/\/www.vtusp.cz\/en\/products\/snezka-m\/#breadcrumb"},"inLanguage":"en-US","potentialAction":[{"@type":"ReadAction","target":["https:\/\/www.vtusp.cz\/en\/products\/snezka-m\/"]}]},{"@type":"ImageObject","inLanguage":"en-US","@id":"https:\/\/www.vtusp.cz\/en\/products\/snezka-m\/#primaryimage","url":"https:\/\/www.vtusp.cz\/files\/uploads\/2020\/05\/snezka-m-1600x895.jpg","contentUrl":"https:\/\/www.vtusp.cz\/files\/uploads\/2020\/05\/snezka-m-1600x895.jpg"},{"@type":"BreadcrumbList","@id":"https:\/\/www.vtusp.cz\/en\/products\/snezka-m\/#breadcrumb","itemListElement":[{"@type":"ListItem","position":1,"name":"Home","item":"https:\/\/www.vtusp.cz\/en\/"},{"@type":"ListItem","position":2,"name":"Products","item":"https:\/\/www.vtusp.cz\/en\/products\/"},{"@type":"ListItem","position":3,"name":"Sn\u011b\u017eka-M"}]},{"@type":"WebSite","@id":"https:\/\/www.vtusp.cz\/en\/#website","url":"https:\/\/www.vtusp.cz\/en\/","name":"VT\u00da s.p.","description":"","potentialAction":[{"@type":"SearchAction","target":{"@type":"EntryPoint","urlTemplate":"https:\/\/www.vtusp.cz\/en\/?s={search_term_string}"},"query-input":{"@type":"PropertyValueSpecification","valueRequired":true,"valueName":"search_term_string"}}],"inLanguage":"en-US"}]}},"_links":{"self":[{"href":"https:\/\/www.vtusp.cz\/en\/wp-json\/wp\/v2\/pages\/1376","targetHints":{"allow":["GET"]}}],"collection":[{"href":"https:\/\/www.vtusp.cz\/en\/wp-json\/wp\/v2\/pages"}],"about":[{"href":"https:\/\/www.vtusp.cz\/en\/wp-json\/wp\/v2\/types\/page"}],"author":[{"embeddable":true,"href":"https:\/\/www.vtusp.cz\/en\/wp-json\/wp\/v2\/users\/1"}],"replies":[{"embeddable":true,"href":"https:\/\/www.vtusp.cz\/en\/wp-json\/wp\/v2\/comments?post=1376"}],"version-history":[{"count":4,"href":"https:\/\/www.vtusp.cz\/en\/wp-json\/wp\/v2\/pages\/1376\/revisions"}],"predecessor-version":[{"id":3459,"href":"https:\/\/www.vtusp.cz\/en\/wp-json\/wp\/v2\/pages\/1376\/revisions\/3459"}],"up":[{"embeddable":true,"href":"https:\/\/www.vtusp.cz\/en\/wp-json\/wp\/v2\/pages\/1853"}],"wp:attachment":[{"href":"https:\/\/www.vtusp.cz\/en\/wp-json\/wp\/v2\/media?parent=1376"}],"curies":[{"name":"wp","href":"https:\/\/api.w.org\/{rel}","templated":true}]}}