{"id":1167,"date":"2020-05-21T16:38:54","date_gmt":"2020-05-21T14:38:54","guid":{"rendered":"https:\/\/www.vtusp.cz\/?page_id=1167"},"modified":"2021-10-22T09:19:27","modified_gmt":"2021-10-22T07:19:27","slug":"home","status":"publish","type":"page","link":"https:\/\/www.vtusp.cz\/en\/","title":{"rendered":"Home"},"content":{"rendered":"<div class=\"element acf-carousel\"><section id=\"anchor\" class=\"carousel\">\n\t<div class=\"slideshow\">\n\t\t\t\t\t\t\t\t\t\t\t\t<div class=\"slide\">\n\t\t\t\t\t\t<div class=\"overlay\"><\/div>\n\t\t\t\t\t\t<div class=\"content\">\n\t\t\t\t\t\t\t<h1>UGV-Pz<\/h1>\t\t\t\t\t\t\t<p>automated unmanned reconnaissance ground vehicle<\/p>\t\t\t\t\t\t<\/div>\n\t\t\t\t\t\t<img decoding=\"async\" class=\"nolazy\" src=\"https:\/\/www.vtusp.cz\/files\/smush-webp\/2020\/06\/slide-6-UGV-Pz.jpg.webp\" srcset=\"https:\/\/www.vtusp.cz\/files\/smush-webp\/2020\/06\/slide-6-UGV-Pz-900x323.jpg.webp 900w, https:\/\/www.vtusp.cz\/files\/smush-webp\/2020\/06\/slide-6-UGV-Pz-768x276.jpg.webp 768w, https:\/\/www.vtusp.cz\/files\/smush-webp\/2020\/06\/slide-6-UGV-Pz-1536x552.jpg.webp 1536w, https:\/\/www.vtusp.cz\/files\/smush-webp\/2020\/06\/slide-6-UGV-Pz-1600x575.jpg.webp 1600w, https:\/\/www.vtusp.cz\/files\/smush-webp\/2020\/06\/slide-6-UGV-Pz-2048x736.jpg.webp 2048w\" alt=\"slide-6-UGV-Pz\">\t\t\t\t\t<\/div>\n\t\t\t\t\t\t\t\t\t<div class=\"slide\">\n\t\t\t\t\t\t<div class=\"overlay\"><\/div>\n\t\t\t\t\t\t<div class=\"content\">\n\t\t\t\t\t\t\t<h1>LOV-Pz<\/h1>\t\t\t\t\t\t\t<p>light armored reconnaissance vehicle<\/p>\t\t\t\t\t\t<\/div>\n\t\t\t\t\t\t<img decoding=\"async\" class=\"nolazy\" src=\"https:\/\/www.vtusp.cz\/files\/smush-webp\/2020\/06\/slide-1-lov-pz2.jpg.webp\" srcset=\"https:\/\/www.vtusp.cz\/files\/smush-webp\/2020\/06\/slide-1-lov-pz2-900x323.jpg.webp 900w, https:\/\/www.vtusp.cz\/files\/smush-webp\/2020\/06\/slide-1-lov-pz2-768x276.jpg.webp 768w, https:\/\/www.vtusp.cz\/files\/smush-webp\/2020\/06\/slide-1-lov-pz2-1536x552.jpg.webp 1536w, https:\/\/www.vtusp.cz\/files\/smush-webp\/2020\/06\/slide-1-lov-pz2-1600x575.jpg.webp 1600w, https:\/\/www.vtusp.cz\/files\/smush-webp\/2020\/06\/slide-1-lov-pz2-2048x736.jpg.webp 2048w\" alt=\"slide-1-lov-pz2\">\t\t\t\t\t<\/div>\n\t\t\t\t\t\t\t\t\t<div class=\"slide\">\n\t\t\t\t\t\t<div class=\"overlay\"><\/div>\n\t\t\t\t\t\t<div class=\"content\">\n\t\t\t\t\t\t\t<h1>3D stand<\/h1>\t\t\t\t\t\t\t<p>seismic capability and life-time test room<\/p>\t\t\t\t\t\t<\/div>\n\t\t\t\t\t\t<img decoding=\"async\" class=\"nolazy\" src=\"https:\/\/www.vtusp.cz\/files\/smush-webp\/2020\/06\/slide-2-3dstand.jpg.webp\" srcset=\"https:\/\/www.vtusp.cz\/files\/smush-webp\/2020\/06\/slide-2-3dstand-900x323.jpg.webp 900w, https:\/\/www.vtusp.cz\/files\/smush-webp\/2020\/06\/slide-2-3dstand-768x276.jpg.webp 768w, https:\/\/www.vtusp.cz\/files\/smush-webp\/2020\/06\/slide-2-3dstand-1536x552.jpg.webp 1536w, https:\/\/www.vtusp.cz\/files\/smush-webp\/2020\/06\/slide-2-3dstand-1600x575.jpg.webp 1600w, https:\/\/www.vtusp.cz\/files\/smush-webp\/2020\/06\/slide-2-3dstand-2048x736.jpg.webp 2048w\" alt=\"slide-2-3dstand\">\t\t\t\t\t<\/div>\n\t\t\t\t\t\t\t\t\t<div class=\"slide\">\n\t\t\t\t\t\t<div class=\"overlay\"><\/div>\n\t\t\t\t\t\t<div class=\"content\">\n\t\t\t\t\t\t\t<h1>Antos mortar<\/h1>\t\t\t\t\t\t\t<p>light mortar caliber 60 mm<\/p>\t\t\t\t\t\t<\/div>\n\t\t\t\t\t\t<img decoding=\"async\" class=\"nolazy\" src=\"https:\/\/www.vtusp.cz\/files\/smush-webp\/2020\/06\/slide-3-minomet-antos.jpg.webp\" srcset=\"https:\/\/www.vtusp.cz\/files\/smush-webp\/2020\/06\/slide-3-minomet-antos-900x323.jpg.webp 900w, https:\/\/www.vtusp.cz\/files\/smush-webp\/2020\/06\/slide-3-minomet-antos-768x276.jpg.webp 768w, https:\/\/www.vtusp.cz\/files\/smush-webp\/2020\/06\/slide-3-minomet-antos-1536x552.jpg.webp 1536w, https:\/\/www.vtusp.cz\/files\/smush-webp\/2020\/06\/slide-3-minomet-antos-1600x575.jpg.webp 1600w, https:\/\/www.vtusp.cz\/files\/smush-webp\/2020\/06\/slide-3-minomet-antos-2048x736.jpg.webp 2048w\" alt=\"slide-3-minomet-antos\">\t\t\t\t\t<\/div>\n\t\t\t\t\t\t\t\t\t<div class=\"slide\">\n\t\t\t\t\t\t<div class=\"overlay\"><\/div>\n\t\t\t\t\t\t<div class=\"content\">\n\t\t\t\t\t\t\t<h1>Field hospital<\/h1>\t\t\t\t\t\t\t<p>complex of medical and logistics workplaces<\/p>\t\t\t\t\t\t<\/div>\n\t\t\t\t\t\t<img decoding=\"async\" class=\"nolazy\" src=\"https:\/\/www.vtusp.cz\/files\/smush-webp\/2020\/06\/slide-4-polni-nemocnice.jpg.webp\" srcset=\"https:\/\/www.vtusp.cz\/files\/smush-webp\/2020\/06\/slide-4-polni-nemocnice-900x323.jpg.webp 900w, https:\/\/www.vtusp.cz\/files\/smush-webp\/2020\/06\/slide-4-polni-nemocnice-768x276.jpg.webp 768w, https:\/\/www.vtusp.cz\/files\/smush-webp\/2020\/06\/slide-4-polni-nemocnice-1536x552.jpg.webp 1536w, https:\/\/www.vtusp.cz\/files\/smush-webp\/2020\/06\/slide-4-polni-nemocnice-1600x575.jpg.webp 1600w, https:\/\/www.vtusp.cz\/files\/smush-webp\/2020\/06\/slide-4-polni-nemocnice.jpg.webp 1920w\" alt=\"slide-4-polni-nemocnice\">\t\t\t\t\t<\/div>\n\t\t\t\t\t\t\t\t\t<div class=\"slide\">\n\t\t\t\t\t\t<div class=\"overlay\"><\/div>\n\t\t\t\t\t\t<div class=\"content\">\n\t\t\t\t\t\t\t<h1>Bzenec test range<\/h1>\t\t\t\t\t\t\t<p>test area for ammunition tests<\/p>\t\t\t\t\t\t<\/div>\n\t\t\t\t\t\t<img decoding=\"async\" class=\"nolazy\" src=\"https:\/\/www.vtusp.cz\/files\/smush-webp\/2020\/06\/slide-5-zkusebni-strelnice-bzenec.jpg.webp\" srcset=\"https:\/\/www.vtusp.cz\/files\/smush-webp\/2020\/06\/slide-5-zkusebni-strelnice-bzenec-900x323.jpg.webp 900w, https:\/\/www.vtusp.cz\/files\/smush-webp\/2020\/06\/slide-5-zkusebni-strelnice-bzenec-768x276.jpg.webp 768w, https:\/\/www.vtusp.cz\/files\/smush-webp\/2020\/06\/slide-5-zkusebni-strelnice-bzenec-1536x552.jpg.webp 1536w, https:\/\/www.vtusp.cz\/files\/smush-webp\/2020\/06\/slide-5-zkusebni-strelnice-bzenec-1600x575.jpg.webp 1600w, https:\/\/www.vtusp.cz\/files\/smush-webp\/2020\/06\/slide-5-zkusebni-strelnice-bzenec-2048x736.jpg.webp 2048w\" alt=\"slide-5-zkusebni-strelnice-bzenec\">\t\t\t\t\t<\/div>\n\t\t\t\t\t\t\t\t\t<\/div>\n<\/section> \n<\/div>\n\n<div class=\"element core-heading first-content-block main-title\">\n<h2 class=\"has-text-align-center first-content-block main-title wp-block-heading\"><span><strong>We are The Military Technical Institute<\/strong><\/span><\/h2>\n<\/div>\n\n<div class=\"element core-paragraph\">\n<p>The Military Technical Institute is a state enterprise established by the Ministry of Defense of the Czech Republic on September 1st, 2012. Through its activities, the institute maintains and further develops the Czech Republic\u2019s strategic know-how in the area of defence and security research and development of armament, ammunition, ground vehicles, unmanned aerial vehicles, aircraft on-board equipment, radiotechnical equipment and aerodrome support equipment, simulators, communication systems and associated testing, verification and certification procedures. The institute implements projects for both domestic and foreign customers. The Military Technical Institute plays an exceptional role in the security and safety environment.&nbsp; It is one of the largest institutes engaged in defense and security research and development in the European Union.<\/p>\n<\/div>\n\n<div class=\"element core-image\">\n<figure class=\"wp-block-image size-large is-resized\"><img decoding=\"async\" src=\"https:\/\/www.vtusp.cz\/files\/uploads\/\/2020\/05\/logo-vtu.svg\" alt=\"\" class=\"wp-image-925\" width=\"500\" height=\"164\"\/><\/figure>\n<\/div>\n\n<div class=\"element acf-news-info\">\t<section class=\"news-info\">\n\t\t<div class=\"in cf\">\n\t\t\t\t\t\t<div class=\"cols cf\">\n\t\t\t\t\t\t\t\t<div class=\"col span4\">\n\t\t\t\t\t<div class=\"posts\">\n\t\t\t\t\t\t<p class=\"headline\">News<\/p>\t\t\t\t\t\t\t\t\t\t\t\t\t<article>\n\t\t\t\t\t\t\t\t<div class=\"inner cf\">\n\t\t\t\t\t\t\t\t\t<div class=\"picture\"><a href=\"https:\/\/www.vtusp.cz\/en\/aktuality\/vtu-posiluje-spolupraci-ceskeho-prumyslu-s-obrannym-sektorem\/\">\n\t\t\t\t\t\t\t\t\t\t\t\t<img decoding=\"async\" width=\"300\" height=\"200\" src=\"https:\/\/www.vtusp.cz\/files\/smush-webp\/2026\/03\/A9_09470-Enhanced-NR-300x200.jpg.webp\" class=\"attachment-small-cropped size-small-cropped wp-post-image\" alt=\"Home\" srcset=\"https:\/\/www.vtusp.cz\/files\/smush-webp\/2026\/03\/A9_09470-Enhanced-NR-300x200.jpg.webp 300w, https:\/\/www.vtusp.cz\/files\/smush-webp\/2026\/03\/A9_09470-Enhanced-NR-900x600.jpg.webp 900w, https:\/\/www.vtusp.cz\/files\/smush-webp\/2026\/03\/A9_09470-Enhanced-NR-1600x1067.jpg.webp 1600w, https:\/\/www.vtusp.cz\/files\/smush-webp\/2026\/03\/A9_09470-Enhanced-NR-600x400.jpg.webp 600w, https:\/\/www.vtusp.cz\/files\/smush-webp\/2026\/03\/A9_09470-Enhanced-NR-768x512.jpg.webp 768w, https:\/\/www.vtusp.cz\/files\/smush-webp\/2026\/03\/A9_09470-Enhanced-NR-1536x1024.jpg.webp 1536w, https:\/\/www.vtusp.cz\/files\/smush-webp\/2026\/03\/A9_09470-Enhanced-NR-2048x1365.jpg.webp 2048w\" sizes=\"(max-width: 300px) 100vw, 300px\" \/>\t\t\t\t\t\t\t\t\t\t\t<\/a><\/div>\t\t\t\t\t\t\t\t\t<div class=\"content\">\n\t\t\t\t\t\t\t\t\t\t<h3><a href=\"https:\/\/www.vtusp.cz\/en\/aktuality\/vtu-posiluje-spolupraci-ceskeho-prumyslu-s-obrannym-sektorem\/\">VT\u00da posiluje spolupr\u00e1ci \u010desk\u00e9ho pr\u016fmyslu s obrann\u00fdm sektorem<\/a><\/h3>\n\t\t\t\t\t\t\t\t\t\t<p class=\"date\">27.3.2026<\/p>\n\t\t\t\t\t\t\t\t\t\t<p class=\"excerpt\">Vojensk\u00fd technick\u00fd \u00fastav, s. p. se ned\u00e1vno aktivn\u011b z\u00fa\u010dastnil networkingov\u00e9 akce TECH4DEFENCE | Zl\u00edn, kter\u00e1 propojuje v\u00fdrobn\u00ed firmy s obrann\u00fdm pr\u016fmyslem. Akce, organizovan\u00e1 Agenturou CzechInvest, ZRIA a Czech Aerospace Cluster&#8230;<\/p>\n\t\t\t\t\t\t\t\t\t\t<a class=\"more\" href=\"https:\/\/www.vtusp.cz\/en\/aktuality\/vtu-posiluje-spolupraci-ceskeho-prumyslu-s-obrannym-sektorem\/\">Full Message<\/a>\n\t\t\t\t\t\t\t\t\t<\/div>\n\t\t\t\t\t\t\t\t<\/div>\n\t\t\t\t\t\t\t<\/article>\n\t\t\t\t\t\t\t\t\t\t\t\t\t<article>\n\t\t\t\t\t\t\t\t<div class=\"inner cf\">\n\t\t\t\t\t\t\t\t\t<div class=\"picture\"><a href=\"https:\/\/www.vtusp.cz\/en\/aktuality\/vtu-zajistuje-spolehlivost-elektroniky-ve-vojenskych-vozidlech\/\">\n\t\t\t\t\t\t\t\t\t\t\t\t<img decoding=\"async\" width=\"300\" height=\"200\" src=\"https:\/\/www.vtusp.cz\/files\/smush-webp\/2026\/03\/Zkusebni-sestava-Testing-Equipment-300x200.jpg.webp\" class=\"attachment-small-cropped size-small-cropped wp-post-image\" alt=\"Home\" srcset=\"https:\/\/www.vtusp.cz\/files\/smush-webp\/2026\/03\/Zkusebni-sestava-Testing-Equipment-300x200.jpg.webp 300w, https:\/\/www.vtusp.cz\/files\/smush-webp\/2026\/03\/Zkusebni-sestava-Testing-Equipment-600x400.jpg.webp 600w, https:\/\/www.vtusp.cz\/files\/smush-webp\/2026\/03\/Zkusebni-sestava-Testing-Equipment-900x600.jpg.webp 900w\" sizes=\"(max-width: 300px) 100vw, 300px\" \/>\t\t\t\t\t\t\t\t\t\t\t<\/a><\/div>\t\t\t\t\t\t\t\t\t<div class=\"content\">\n\t\t\t\t\t\t\t\t\t\t<h3><a href=\"https:\/\/www.vtusp.cz\/en\/aktuality\/vtu-zajistuje-spolehlivost-elektroniky-ve-vojenskych-vozidlech\/\">VT\u00da zaji\u0161\u0165uje spolehlivost elektroniky ve vojensk\u00fdch vozidlech<\/a><\/h3>\n\t\t\t\t\t\t\t\t\t\t<p class=\"date\">16.3.2026<\/p>\n\t\t\t\t\t\t\t\t\t\t<p class=\"excerpt\">Vojensk\u00fd technick\u00fd \u00fastav s.p., od\u0161t\u011bpn\u00fd z\u00e1vod VT\u00daPV ve Vy\u0161kov\u011b provozuje zku\u0161ebnu elektromagnetick\u00e9 kompatibility (EMC), kter\u00e1 se zam\u011b\u0159uje na testov\u00e1n\u00ed elektronick\u00fdch za\u0159\u00edzen\u00ed ur\u010den\u00fdch pro vojensk\u00e1 vozidla. Jej\u00edm c\u00edlem je ov\u011b\u0159it, \u017ee&#8230;<\/p>\n\t\t\t\t\t\t\t\t\t\t<a class=\"more\" href=\"https:\/\/www.vtusp.cz\/en\/aktuality\/vtu-zajistuje-spolehlivost-elektroniky-ve-vojenskych-vozidlech\/\">Full Message<\/a>\n\t\t\t\t\t\t\t\t\t<\/div>\n\t\t\t\t\t\t\t\t<\/div>\n\t\t\t\t\t\t\t<\/article>\n\t\t\t\t\t\t\t\t\t\t\t\t\t<article>\n\t\t\t\t\t\t\t\t<div class=\"inner cf\">\n\t\t\t\t\t\t\t\t\t<div class=\"picture\"><a href=\"https:\/\/www.vtusp.cz\/en\/aktuality\/vtu-snizuje-hluk-ze-strelnice-smerem-k-mestu-bzenec\/\">\n\t\t\t\t\t\t\t\t\t\t\t\t<img decoding=\"async\" width=\"300\" height=\"200\" src=\"https:\/\/www.vtusp.cz\/files\/smush-webp\/2026\/03\/IMG-20260211-WA0002-300x200.jpg.webp\" class=\"attachment-small-cropped size-small-cropped wp-post-image\" alt=\"Home\" srcset=\"https:\/\/www.vtusp.cz\/files\/smush-webp\/2026\/03\/IMG-20260211-WA0002-300x200.jpg.webp 300w, https:\/\/www.vtusp.cz\/files\/smush-webp\/2026\/03\/IMG-20260211-WA0002-600x400.jpg.webp 600w, https:\/\/www.vtusp.cz\/files\/smush-webp\/2026\/03\/IMG-20260211-WA0002-900x600.jpg.webp 900w\" sizes=\"(max-width: 300px) 100vw, 300px\" \/>\t\t\t\t\t\t\t\t\t\t\t<\/a><\/div>\t\t\t\t\t\t\t\t\t<div class=\"content\">\n\t\t\t\t\t\t\t\t\t\t<h3><a href=\"https:\/\/www.vtusp.cz\/en\/aktuality\/vtu-snizuje-hluk-ze-strelnice-smerem-k-mestu-bzenec\/\">VT\u00da sni\u017euje hluk ze st\u0159elnice sm\u011brem k m\u011bstu Bzenec<\/a><\/h3>\n\t\t\t\t\t\t\t\t\t\t<p class=\"date\">5.3.2026<\/p>\n\t\t\t\t\t\t\t\t\t\t<p class=\"excerpt\">Vojensk\u00fd technick\u00fd \u00fastav (VT\u00da, s. p.) podnik\u00e1 dal\u0161\u00ed kroky ke sn\u00ed\u017een\u00ed hlukov\u00e9 z\u00e1t\u011b\u017ee v okol\u00ed sv\u00e9 podnikov\u00e9 st\u0159elnice. Ta se nach\u00e1z\u00ed p\u0159ibli\u017en\u011b 1 a\u017e 1,5 kilometru od m\u011bsta Bzenec a&#8230;<\/p>\n\t\t\t\t\t\t\t\t\t\t<a class=\"more\" href=\"https:\/\/www.vtusp.cz\/en\/aktuality\/vtu-snizuje-hluk-ze-strelnice-smerem-k-mestu-bzenec\/\">Full Message<\/a>\n\t\t\t\t\t\t\t\t\t<\/div>\n\t\t\t\t\t\t\t\t<\/div>\n\t\t\t\t\t\t\t<\/article>\n\t\t\t\t\t\t\t\t\t\t\t\t<a href=\"https:\/\/www.vtusp.cz\/aktuality\/\" class=\"button border\" >More News<\/a>\t\t\t\t\t<\/div>\n\t\t\t\t<\/div>\n\t\t\t\t\t\t\t\t\t<div class=\"col span4\">\n\t\t\t\t\t\t<div class=\"content-right\">\n\t\t\t\t\t\t\t<h3>The Military<br \/>\nTechnical Institute<\/h3>\n<p>The Military Technical Institute is a state enterprise established by the Ministry of Defence of the Czech Republic in order to provide strategic deliveries and services needed to guarantee Czech Republic&#8217;s defence and security, as well as to fulfil its obligations associated with Czech Republic&#8217;s NATO and EU memberships.<\/p>\n<p><strong>Three branches are focused on research, development and testing in their respective fields of work.<\/strong><\/p>\n<div style=\"width: 1280px;\" class=\"wp-video\"><video class=\"wp-video-shortcode\" id=\"video-1167-1\" width=\"1280\" height=\"720\" preload=\"metadata\" controls=\"controls\"><source type=\"video\/mp4\" src=\"https:\/\/www.vtusp.cz\/files\/uploads\/2021\/10\/ARMY_final-KONVERZE-98MB.mp4?_=1\" \/><a href=\"https:\/\/www.vtusp.cz\/files\/uploads\/2021\/10\/ARMY_final-KONVERZE-98MB.mp4\">https:\/\/www.vtusp.cz\/files\/uploads\/2021\/10\/ARMY_final-KONVERZE-98MB.mp4<\/a><\/video><\/div>\n<p>&nbsp;<\/p>\n\t\t\t\t\t\t<\/div>\n\t\t\t\t\t<\/div>\n\t\t\t\t\t\t\t<\/div>\n\t\t<\/div>\n\t\t<\/section>\n\t<\/div>\n\n<div class=\"element acf-navigation last-content-block\"><section class=\"navigation\">\n\t<div class=\"in cf\">\n\t\t\t<div class=\"items hover cols cf columns-4\">\n\t\t\t\t\t\t\t\t\t\t\t\t\t\t\t<div class=\"item col col1\">\n\t\t\t\t\t\t\t<div class=\"inner\">\n\t\t\t\t\t\t\t\t<div class=\"overlay\"><\/div>\t\t\t\t\t\t\t\t\t\t\t\t\t\t\t\t\t\t\t\t\t\t\t\t<h2><a href=\"https:\/\/www.vtusp.cz\/en\/abilities\/\">Abilities<\/a><\/h2>\t\t\t\t\t\t\t\t\t\t\t\t\t\t\t\t\t\t\t\t\t\t\t\t\t<img decoding=\"async\" src=\"https:\/\/www.vtusp.cz\/files\/smush-webp\/2020\/06\/zkus\u030cebna-elekt.-bezpec\u030cnosti-600x400.jpg.webp\" width=\"600\" height=\"400\" srcset=\"https:\/\/www.vtusp.cz\/files\/smush-webp\/2020\/06\/zkus\u030cebna-elekt.-bezpec\u030cnosti-300x200.jpg.webp 300w, https:\/\/www.vtusp.cz\/files\/smush-webp\/2020\/06\/zkus\u030cebna-elekt.-bezpec\u030cnosti-900x600.jpg.webp 900w, https:\/\/www.vtusp.cz\/files\/smush-webp\/2020\/06\/zkus\u030cebna-elekt.-bezpec\u030cnosti.jpg.webp 1024w\" alt=\"zkus\u030cebna elekt. bezpec\u030cnosti\">\t\t\t\t\t\t\t\t\t\t\t\t\t\t\t\t\t\t\t\t\t\t\t<\/div>\n\t\t\t\t\t\t<\/div>\n\t\t\t\t\t\t\t\t\t\t\t<div class=\"item col col2\">\n\t\t\t\t\t\t\t<div class=\"inner\">\n\t\t\t\t\t\t\t\t<div class=\"overlay\"><\/div>\t\t\t\t\t\t\t\t\t\t\t\t\t\t\t\t\t\t\t\t\t\t\t\t<h2><a href=\"https:\/\/www.vtusp.cz\/en\/products\/\">Products<\/a><\/h2>\t\t\t\t\t\t\t\t\t\t\t\t\t\t\t\t\t\t\t\t\t\t\t\t\t<img decoding=\"async\" src=\"https:\/\/www.vtusp.cz\/files\/smush-webp\/2020\/06\/FS-01-600x400.jpg.webp\" width=\"600\" height=\"400\" srcset=\"https:\/\/www.vtusp.cz\/files\/smush-webp\/2020\/06\/FS-01-300x200.jpg.webp 300w, https:\/\/www.vtusp.cz\/files\/smush-webp\/2020\/06\/FS-01-900x600.jpg.webp 900w, https:\/\/www.vtusp.cz\/files\/smush-webp\/2020\/06\/FS-01.jpg.webp 1000w\" alt=\"FS 01\">\t\t\t\t\t\t\t\t\t\t\t\t\t\t\t\t\t\t\t\t\t\t\t<\/div>\n\t\t\t\t\t\t<\/div>\n\t\t\t\t\t\t\t\t\t\t\t<div class=\"item col col3\">\n\t\t\t\t\t\t\t<div class=\"inner\">\n\t\t\t\t\t\t\t\t<div class=\"overlay\"><\/div>\t\t\t\t\t\t\t\t\t\t\t\t\t\t\t\t\t\t\t\t\t\t\t\t<h2><a href=\"https:\/\/www.vtusp.cz\/en\/testing\/\">Testing<\/a><\/h2>\t\t\t\t\t\t\t\t\t\t\t\t\t\t\t\t\t\t\t\t\t\t\t\t\t<img decoding=\"async\" src=\"https:\/\/www.vtusp.cz\/files\/smush-webp\/2020\/06\/EMC_zkusebna-600x400.jpg.webp\" width=\"600\" height=\"400\" srcset=\"https:\/\/www.vtusp.cz\/files\/smush-webp\/2020\/06\/EMC_zkusebna-300x200.jpg.webp 300w, https:\/\/www.vtusp.cz\/files\/smush-webp\/2020\/06\/EMC_zkusebna-900x600.jpg.webp 900w, https:\/\/www.vtusp.cz\/files\/smush-webp\/2020\/06\/EMC_zkusebna-1200x900.jpg.webp 1200w\" alt=\"EMC_zkusebna\">\t\t\t\t\t\t\t\t\t\t\t\t\t\t\t\t\t\t\t\t\t\t\t<\/div>\n\t\t\t\t\t\t<\/div>\n\t\t\t\t\t\t\t\t\t\t\t<div class=\"item col col4\">\n\t\t\t\t\t\t\t<div class=\"inner\">\n\t\t\t\t\t\t\t\t<div class=\"overlay\"><\/div>\t\t\t\t\t\t\t\t\t\t\t\t\t\t\t\t\t\t\t\t\t\t\t\t<h2><a href=\"https:\/\/www.vtusp.cz\/en\/services\/\">Services<\/a><\/h2>\t\t\t\t\t\t\t\t\t\t\t\t\t\t\t\t\t\t\t\t\t\t\t\t\t<img decoding=\"async\" src=\"https:\/\/www.vtusp.cz\/files\/smush-webp\/2020\/06\/sluzby-600x400.jpg.webp\" width=\"600\" height=\"400\" srcset=\"https:\/\/www.vtusp.cz\/files\/smush-webp\/2020\/06\/sluzby-300x200.jpg.webp 300w, https:\/\/www.vtusp.cz\/files\/smush-webp\/2020\/06\/sluzby-900x600.jpg.webp 900w, https:\/\/www.vtusp.cz\/files\/smush-webp\/2020\/06\/sluzby.jpg.webp 990w\" alt=\"services\">\t\t\t\t\t\t\t\t\t\t\t\t\t\t\t\t\t\t\t\t\t\t\t<\/div>\n\t\t\t\t\t\t<\/div>\n\t\t\t\t\t\t\t\t\t\t\t\t<\/div>\n\t<\/div>\n<\/section> \n<\/div>","protected":false},"excerpt":{"rendered":"<p>We are The Military Technical Institute The Military Technical Institute is a state enterprise established by the Ministry of Defense of the Czech Republic on September 1st, 2012. Through its&#8230;<\/p>\n","protected":false},"author":1,"featured_media":0,"parent":0,"menu_order":217,"comment_status":"closed","ping_status":"closed","template":"","meta":{"_acf_changed":false,"inline_featured_image":false,"footnotes":""},"class_list":["post-1167","page","type-page","status-publish","hentry"],"acf":[],"yoast_head":"<!-- This site is optimized with the Yoast SEO plugin v27.3 - https:\/\/yoast.com\/product\/yoast-seo-wordpress\/ -->\n<title>The Military Technical Institute | VT\u00da s.p.<\/title>\n<meta name=\"robots\" content=\"index, follow, max-snippet:-1, max-image-preview:large, max-video-preview:-1\" \/>\n<link rel=\"canonical\" href=\"https:\/\/www.vtusp.cz\/en\/\" \/>\n<meta property=\"og:locale\" content=\"en_US\" \/>\n<meta property=\"og:type\" content=\"article\" \/>\n<meta property=\"og:title\" content=\"The Military Technical Institute | VT\u00da s.p.\" \/>\n<meta property=\"og:description\" content=\"We are The Military Technical Institute The Military Technical Institute is a state enterprise established by the Ministry of Defense of the Czech Republic on September 1st, 2012. Through its...\" \/>\n<meta property=\"og:url\" content=\"https:\/\/www.vtusp.cz\/en\/\" \/>\n<meta property=\"og:site_name\" content=\"VT\u00da s.p.\" \/>\n<meta property=\"article:modified_time\" content=\"2021-10-22T07:19:27+00:00\" \/>\n<meta property=\"og:image\" content=\"https:\/\/www.vtusp.cz\/files\/uploads\/\/2020\/05\/logo-vtu.svg\" \/>\n<meta name=\"twitter:card\" content=\"summary_large_image\" \/>\n<meta name=\"twitter:label1\" content=\"Est. reading time\" \/>\n\t<meta name=\"twitter:data1\" content=\"1 minute\" \/>\n<script type=\"application\/ld+json\" class=\"yoast-schema-graph\">{\"@context\":\"https:\\\/\\\/schema.org\",\"@graph\":[{\"@type\":\"WebPage\",\"@id\":\"https:\\\/\\\/www.vtusp.cz\\\/en\\\/\",\"url\":\"https:\\\/\\\/www.vtusp.cz\\\/en\\\/\",\"name\":\"The Military Technical Institute | VT\u00da s.p.\",\"isPartOf\":{\"@id\":\"https:\\\/\\\/www.vtusp.cz\\\/en\\\/#website\"},\"primaryImageOfPage\":{\"@id\":\"https:\\\/\\\/www.vtusp.cz\\\/en\\\/#primaryimage\"},\"image\":{\"@id\":\"https:\\\/\\\/www.vtusp.cz\\\/en\\\/#primaryimage\"},\"thumbnailUrl\":\"https:\\\/\\\/www.vtusp.cz\\\/files\\\/uploads\\\/\\\/2020\\\/05\\\/logo-vtu.svg\",\"datePublished\":\"2020-05-21T14:38:54+00:00\",\"dateModified\":\"2021-10-22T07:19:27+00:00\",\"breadcrumb\":{\"@id\":\"https:\\\/\\\/www.vtusp.cz\\\/en\\\/#breadcrumb\"},\"inLanguage\":\"en-US\",\"potentialAction\":[{\"@type\":\"ReadAction\",\"target\":[\"https:\\\/\\\/www.vtusp.cz\\\/en\\\/\"]}]},{\"@type\":\"ImageObject\",\"inLanguage\":\"en-US\",\"@id\":\"https:\\\/\\\/www.vtusp.cz\\\/en\\\/#primaryimage\",\"url\":\"https:\\\/\\\/www.vtusp.cz\\\/files\\\/uploads\\\/\\\/2020\\\/05\\\/logo-vtu.svg\",\"contentUrl\":\"https:\\\/\\\/www.vtusp.cz\\\/files\\\/uploads\\\/\\\/2020\\\/05\\\/logo-vtu.svg\"},{\"@type\":\"BreadcrumbList\",\"@id\":\"https:\\\/\\\/www.vtusp.cz\\\/en\\\/#breadcrumb\",\"itemListElement\":[{\"@type\":\"ListItem\",\"position\":1,\"name\":\"Home\",\"item\":\"https:\\\/\\\/www.vtusp.cz\\\/en\\\/\"},{\"@type\":\"ListItem\",\"position\":2,\"name\":\"Home\"}]},{\"@type\":\"WebSite\",\"@id\":\"https:\\\/\\\/www.vtusp.cz\\\/en\\\/#website\",\"url\":\"https:\\\/\\\/www.vtusp.cz\\\/en\\\/\",\"name\":\"VT\u00da s.p.\",\"description\":\"\",\"potentialAction\":[{\"@type\":\"SearchAction\",\"target\":{\"@type\":\"EntryPoint\",\"urlTemplate\":\"https:\\\/\\\/www.vtusp.cz\\\/en\\\/?s={search_term_string}\"},\"query-input\":{\"@type\":\"PropertyValueSpecification\",\"valueRequired\":true,\"valueName\":\"search_term_string\"}}],\"inLanguage\":\"en-US\"}]}<\/script>\n<!-- \/ Yoast SEO plugin. -->","yoast_head_json":{"title":"The Military Technical Institute | VT\u00da s.p.","robots":{"index":"index","follow":"follow","max-snippet":"max-snippet:-1","max-image-preview":"max-image-preview:large","max-video-preview":"max-video-preview:-1"},"canonical":"https:\/\/www.vtusp.cz\/en\/","og_locale":"en_US","og_type":"article","og_title":"The Military Technical Institute | VT\u00da s.p.","og_description":"We are The Military Technical Institute The Military Technical Institute is a state enterprise established by the Ministry of Defense of the Czech Republic on September 1st, 2012. Through its...","og_url":"https:\/\/www.vtusp.cz\/en\/","og_site_name":"VT\u00da s.p.","article_modified_time":"2021-10-22T07:19:27+00:00","og_image":[{"url":"https:\/\/www.vtusp.cz\/files\/uploads\/\/2020\/05\/logo-vtu.svg","type":"","width":"","height":""}],"twitter_card":"summary_large_image","twitter_misc":{"Est. reading time":"1 minute"},"schema":{"@context":"https:\/\/schema.org","@graph":[{"@type":"WebPage","@id":"https:\/\/www.vtusp.cz\/en\/","url":"https:\/\/www.vtusp.cz\/en\/","name":"The Military Technical Institute | VT\u00da s.p.","isPartOf":{"@id":"https:\/\/www.vtusp.cz\/en\/#website"},"primaryImageOfPage":{"@id":"https:\/\/www.vtusp.cz\/en\/#primaryimage"},"image":{"@id":"https:\/\/www.vtusp.cz\/en\/#primaryimage"},"thumbnailUrl":"https:\/\/www.vtusp.cz\/files\/uploads\/\/2020\/05\/logo-vtu.svg","datePublished":"2020-05-21T14:38:54+00:00","dateModified":"2021-10-22T07:19:27+00:00","breadcrumb":{"@id":"https:\/\/www.vtusp.cz\/en\/#breadcrumb"},"inLanguage":"en-US","potentialAction":[{"@type":"ReadAction","target":["https:\/\/www.vtusp.cz\/en\/"]}]},{"@type":"ImageObject","inLanguage":"en-US","@id":"https:\/\/www.vtusp.cz\/en\/#primaryimage","url":"https:\/\/www.vtusp.cz\/files\/uploads\/\/2020\/05\/logo-vtu.svg","contentUrl":"https:\/\/www.vtusp.cz\/files\/uploads\/\/2020\/05\/logo-vtu.svg"},{"@type":"BreadcrumbList","@id":"https:\/\/www.vtusp.cz\/en\/#breadcrumb","itemListElement":[{"@type":"ListItem","position":1,"name":"Home","item":"https:\/\/www.vtusp.cz\/en\/"},{"@type":"ListItem","position":2,"name":"Home"}]},{"@type":"WebSite","@id":"https:\/\/www.vtusp.cz\/en\/#website","url":"https:\/\/www.vtusp.cz\/en\/","name":"VT\u00da s.p.","description":"","potentialAction":[{"@type":"SearchAction","target":{"@type":"EntryPoint","urlTemplate":"https:\/\/www.vtusp.cz\/en\/?s={search_term_string}"},"query-input":{"@type":"PropertyValueSpecification","valueRequired":true,"valueName":"search_term_string"}}],"inLanguage":"en-US"}]}},"_links":{"self":[{"href":"https:\/\/www.vtusp.cz\/en\/wp-json\/wp\/v2\/pages\/1167","targetHints":{"allow":["GET"]}}],"collection":[{"href":"https:\/\/www.vtusp.cz\/en\/wp-json\/wp\/v2\/pages"}],"about":[{"href":"https:\/\/www.vtusp.cz\/en\/wp-json\/wp\/v2\/types\/page"}],"author":[{"embeddable":true,"href":"https:\/\/www.vtusp.cz\/en\/wp-json\/wp\/v2\/users\/1"}],"replies":[{"embeddable":true,"href":"https:\/\/www.vtusp.cz\/en\/wp-json\/wp\/v2\/comments?post=1167"}],"version-history":[{"count":53,"href":"https:\/\/www.vtusp.cz\/en\/wp-json\/wp\/v2\/pages\/1167\/revisions"}],"predecessor-version":[{"id":7953,"href":"https:\/\/www.vtusp.cz\/en\/wp-json\/wp\/v2\/pages\/1167\/revisions\/7953"}],"wp:attachment":[{"href":"https:\/\/www.vtusp.cz\/en\/wp-json\/wp\/v2\/media?parent=1167"}],"curies":[{"name":"wp","href":"https:\/\/api.w.org\/{rel}","templated":true}]}}